{"id":3500,"date":"2020-10-04T16:47:03","date_gmt":"2020-10-01T15:52:49","guid":{"rendered":"https:\/\/meminis.com\/?post_type=product&#038;p=3500"},"modified":"2024-11-26T12:13:27","modified_gmt":"2024-11-26T12:13:27","slug":"urne-funeraire-solaris-bleu-sevre","status":"publish","type":"product","link":"https:\/\/meminis.com\/fr\/product\/urne-funeraire-solaris-bleu-sevre\/","title":{"rendered":"Urne fun\u00e9raire Solaris Bleu de S\u00e8vres en porcelaine de Limoges"},"content":{"rendered":"<p>L\u2019urne fun\u00e9raire Solaris Bleu de S\u00e8vres, au design \u00e9l\u00e9gant, apaisant et esth\u00e9tiquement intemporel, est pens\u00e9e pour celles et ceux qui ont perdu un \u00eatre cher. L\u2019objectif est de rendre hommage \u00e0 la personne disparue en cr\u00e9ant un lien m\u00e9moriel avec l\u2019invisible.<\/p>\n<p>. Cette urne fun\u00e9raire peut \u00eatre d\u00e9pos\u00e9e dans un endroit chez vous ou dans le columbarium d\u2019un cimeti\u00e8re.<br \/>\n. Urne aux formes \u00e9pur\u00e9es en porcelaine de Limoges, r\u00e9alis\u00e9e et peaufin\u00e9e \u00e0 la main par un artisan talentueux, en France. Nos produits font l\u2019objet de toutes les attentions et du m\u00eame amour.<br \/>\n. L\u2019urne fun\u00e9raire Solaris dispose d\u2019un syst\u00e8me de fermeture qui accueille un m\u00e9daillon comportant diff\u00e9rents graphismes, dor\u00e9 \u00e0 l\u2019or fin ou argent.<br \/>\n. Le m\u00e9daillon: port\u00e9 au bout d\u2019une cha\u00eenette,il est le lien de m\u00e9moire physique avec la personne disparue. Portez avec vous un \u00eatre cher r\u00e9cemment disparu gr\u00e2ce \u00e0 ce joli pendentif. Sa couleur sobre et \u00e9l\u00e9gante vous permettra de le porter en tout temps. Ce pendentif peut aussi bien \u00eatre port\u00e9 par une femme que par un homme. Il peut par ailleurs rester incrust\u00e9 au sein de l&rsquo;urne.<br \/>\n. Ce m\u00e9daillon pourra \u00eatre grav\u00e9 sur demande.<br \/>\n. Le bleu est synonyme d&rsquo;\u00e9vasion et symbole de fid\u00e9lit\u00e9, de sagesse, de justice et de la foi. Pour les \u00c9gyptiens, le bleu \u00e9tait une couleur porte-bonheur li\u00e9e \u00e0 l&rsquo;immortalit\u00e9 et \u00e0 la v\u00e9rit\u00e9.<br \/>\n. Capacit\u00e9 4 L, dimensions L250*L250*H150 mmm<\/p>\n<p>Meminis vous propose une livraison gratuite \u00e0 domicile, ou tout autre lieu \u00e0 votre convenance, en France.<br \/>\nTous nos produits sont livr\u00e9s par un transporteur sp\u00e9cialis\u00e9. Que ce soit pour nos reliquaires, nos urnes, ou autres accessoires, nous les emballons avec soin dans des cartons renforc\u00e9s.<\/p>\n","protected":false},"excerpt":{"rendered":"<p>Partagez l&rsquo;\u00e9motion, pr\u00e9servez le souvenir et honorez l&rsquo;\u00eatre aim\u00e9 avec l&rsquo;urne fun\u00e9raire Solaris Bleu de S\u00e8vres. L\u2019urne fun\u00e9raire SOLARIS BLEU DE SEVRES est accompagn\u00e9e d\u2019un fermoir en m\u00e9tal et d\u2019un m\u00e9daillon dor\u00e9 \u00e0 l\u2019or fin ou argent, symbole du lien \u00e9ternel avec le disparu. Ce m\u00e9daillon pourra \u00eatre d\u00e9pos\u00e9 sur le fermoir dans une loge pr\u00e9vue \u00e0 cet effet ou conserv\u00e9 comme objet de m\u00e9moire.<br \/>\n<strong>ACHETER L\u2019URNE ET LE MEDAILLON:<\/strong><\/p>\n","protected":false},"featured_media":1792,"comment_status":"closed","ping_status":"closed","template":"","meta":[],"yoast_head":"<!-- This site is optimized with the Yoast SEO plugin v15.6.2 - https:\/\/yoast.com\/wordpress\/plugins\/seo\/ -->\n<title>Urne fun\u00e9raire Solaris Bleu de S\u00e8vres en porcelaine de Limoges<\/title>\n<meta name=\"description\" content=\"Design \u00e9l\u00e9gant, apaisant et esth\u00e9tiquement intemporel, pour celles et ceux qui ont perdu un \u00eatre cher. Un bel hommage \u00e0 la personne disparue.\" \/>\n<meta name=\"robots\" content=\"index, follow, max-snippet:-1, max-image-preview:large, max-video-preview:-1\" \/>\n<link rel=\"canonical\" href=\"\/\" \/>\n<meta property=\"og:locale\" content=\"fr_FR\" \/>\n<meta property=\"og:type\" content=\"article\" \/>\n<meta property=\"og:title\" content=\"Urne fun\u00e9raire Solaris Bleu de S\u00e8vres en porcelaine de Limoges\" \/>\n<meta property=\"og:description\" content=\"Design \u00e9l\u00e9gant, apaisant et esth\u00e9tiquement intemporel, pour celles et ceux qui ont perdu un \u00eatre cher. Un bel hommage \u00e0 la personne disparue.\" \/>\n<meta property=\"og:site_name\" content=\"Meminis\" \/>\n<meta property=\"article:modified_time\" content=\"2024-11-26T12:13:27+00:00\" \/>\n<meta name=\"twitter:card\" content=\"summary_large_image\" \/>\n<meta name=\"twitter:label1\" content=\"Dur\u00e9e de lecture est.\">\n\t<meta name=\"twitter:data1\" content=\"2 minutes\">\n<script type=\"application\/ld+json\" class=\"yoast-schema-graph\">{\"@context\":\"https:\/\/schema.org\",\"@graph\":[{\"@type\":\"WebSite\",\"@id\":\"https:\/\/meminis.com\/#website\",\"url\":\"https:\/\/meminis.com\/\",\"name\":\"Meminis\",\"description\":\"Urnes fun\\u00e9raires\",\"potentialAction\":[{\"@type\":\"SearchAction\",\"target\":\"https:\/\/meminis.com\/?s={search_term_string}\",\"query-input\":\"required name=search_term_string\"}],\"inLanguage\":\"fr-FR\"},{\"@type\":\"ImageObject\",\"@id\":\"#primaryimage\",\"inLanguage\":\"fr-FR\",\"url\":\"https:\/\/meminis.com\/wp-content\/uploads\/2020\/09\/solaris-bleu-U00062.jpg\",\"width\":1000,\"height\":1000,\"caption\":\"Funeral Urn - Solaris blue\"},{\"@type\":\"WebPage\",\"@id\":\"#webpage\",\"url\":null,\"name\":\"Urne fun\\u00e9raire Solaris Bleu de S\\u00e8vres en porcelaine de Limoges\",\"isPartOf\":{\"@id\":\"https:\/\/meminis.com\/#website\"},\"primaryImageOfPage\":{\"@id\":\"#primaryimage\"},\"datePublished\":\"2020-10-01T15:52:49+00:00\",\"dateModified\":\"2024-11-26T12:13:27+00:00\",\"description\":\"Design \\u00e9l\\u00e9gant, apaisant et esth\\u00e9tiquement intemporel, pour celles et ceux qui ont perdu un \\u00eatre cher. Un bel hommage \\u00e0 la personne disparue.\",\"inLanguage\":\"fr-FR\",\"potentialAction\":[{\"@type\":\"ReadAction\",\"target\":[null]}]}]}<\/script>\n<!-- \/ Yoast SEO plugin. -->","_links":{"self":[{"href":"https:\/\/meminis.com\/fr\/wp-json\/wp\/v2\/product\/3500"}],"collection":[{"href":"https:\/\/meminis.com\/fr\/wp-json\/wp\/v2\/product"}],"about":[{"href":"https:\/\/meminis.com\/fr\/wp-json\/wp\/v2\/types\/product"}],"replies":[{"embeddable":true,"href":"https:\/\/meminis.com\/fr\/wp-json\/wp\/v2\/comments?post=3500"}],"wp:featuredmedia":[{"embeddable":true,"href":"https:\/\/meminis.com\/fr\/wp-json\/wp\/v2\/media\/1792"}],"wp:attachment":[{"href":"https:\/\/meminis.com\/fr\/wp-json\/wp\/v2\/media?parent=3500"}],"curies":[{"name":"wp","href":"https:\/\/api.w.org\/{rel}","templated":true}]}}