{"id":2912,"date":"2020-10-04T16:46:35","date_gmt":"2020-07-16T17:27:28","guid":{"rendered":"https:\/\/meminis.com\/product\/reliquaire-ambre-en-verre-souffle\/"},"modified":"2020-10-26T13:46:14","modified_gmt":"2020-10-26T13:46:14","slug":"reliquaire-ambre-en-verre-souffle","status":"publish","type":"product","link":"https:\/\/meminis.com\/fr\/product\/reliquaire-ambre-en-verre-souffle\/","title":{"rendered":"Reliquaire Ambre en verre souffl\u00e9"},"content":{"rendered":"<p>Un beau reliquaire en verre souffl\u00e9 qui aidera \u00e0 perp\u00e9tuer le souvenir d\u2019un \u00eatre cher.<\/p>\n<p>. Verre souffl\u00e9<br \/>\n. Dimensions: L105*L105*H60mm<br \/>\n. Contenance: 0,45 L<br \/>\n. Transport gratuit<\/p>\n","protected":false},"excerpt":{"rendered":"<p>D&rsquo;une capacit\u00e9 de 0,45 L, le reliquaire peut contenir une petite quantit\u00e9 de cendres du d\u00e9funt et constituer un beau souvenir d&rsquo;un \u00eatre cher.<\/p>\n","protected":false},"featured_media":2854,"comment_status":"closed","ping_status":"closed","template":"","meta":[],"yoast_head":"<!-- This site is optimized with the Yoast SEO plugin v15.6.2 - https:\/\/yoast.com\/wordpress\/plugins\/seo\/ -->\n<title>Reliquaire Ambre en verre souffl\u00e9<\/title>\n<meta name=\"description\" content=\"Un beau reliquaire en verre souffl\u00e9 qui aidera \u00e0 perp\u00e9tuer le souvenir d\u2019un \u00eatre cher. Fabrication artisanale. Transport gratuit.\" \/>\n<meta name=\"robots\" content=\"index, follow, max-snippet:-1, max-image-preview:large, max-video-preview:-1\" \/>\n<link rel=\"canonical\" href=\"\/\" \/>\n<meta property=\"og:locale\" content=\"fr_FR\" \/>\n<meta property=\"og:type\" content=\"article\" \/>\n<meta property=\"og:title\" content=\"Reliquaire Ambre en verre souffl\u00e9\" \/>\n<meta property=\"og:description\" content=\"Un beau reliquaire en verre souffl\u00e9 qui aidera \u00e0 perp\u00e9tuer le souvenir d\u2019un \u00eatre cher. Fabrication artisanale. Transport gratuit.\" \/>\n<meta property=\"og:site_name\" content=\"Meminis\" \/>\n<meta property=\"article:modified_time\" content=\"2020-10-26T13:46:14+00:00\" \/>\n<meta property=\"og:image\" content=\"https:\/\/meminis.com\/wp-content\/uploads\/2020\/09\/8-Verre-soufll\u00e9-Ambre.jpg\" \/>\n\t<meta property=\"og:image:width\" content=\"1000\" \/>\n\t<meta property=\"og:image:height\" content=\"1000\" \/>\n<meta name=\"twitter:card\" content=\"summary_large_image\" \/>\n<script type=\"application\/ld+json\" class=\"yoast-schema-graph\">{\"@context\":\"https:\/\/schema.org\",\"@graph\":[{\"@type\":\"WebSite\",\"@id\":\"https:\/\/meminis.com\/#website\",\"url\":\"https:\/\/meminis.com\/\",\"name\":\"Meminis\",\"description\":\"Urnes fun\\u00e9raires\",\"potentialAction\":[{\"@type\":\"SearchAction\",\"target\":\"https:\/\/meminis.com\/?s={search_term_string}\",\"query-input\":\"required name=search_term_string\"}],\"inLanguage\":\"fr-FR\"},{\"@type\":\"ImageObject\",\"@id\":\"#primaryimage\",\"inLanguage\":\"fr-FR\",\"url\":\"https:\/\/meminis.com\/wp-content\/uploads\/2020\/09\/8-Verre-soufll\\u00e9-Ambre.jpg\",\"width\":1000,\"height\":1000,\"caption\":\"reliquaire verre souffl\\u00e9\"},{\"@type\":\"WebPage\",\"@id\":\"#webpage\",\"url\":null,\"name\":\"Reliquaire Ambre en verre souffl\\u00e9\",\"isPartOf\":{\"@id\":\"https:\/\/meminis.com\/#website\"},\"primaryImageOfPage\":{\"@id\":\"#primaryimage\"},\"datePublished\":\"2020-07-16T17:27:28+00:00\",\"dateModified\":\"2020-10-26T13:46:14+00:00\",\"description\":\"Un beau reliquaire en verre souffl\\u00e9 qui aidera \\u00e0 perp\\u00e9tuer le souvenir d\\u2019un \\u00eatre cher. Fabrication artisanale. Transport gratuit.\",\"inLanguage\":\"fr-FR\",\"potentialAction\":[{\"@type\":\"ReadAction\",\"target\":[null]}]}]}<\/script>\n<!-- \/ Yoast SEO plugin. -->","_links":{"self":[{"href":"https:\/\/meminis.com\/fr\/wp-json\/wp\/v2\/product\/2912"}],"collection":[{"href":"https:\/\/meminis.com\/fr\/wp-json\/wp\/v2\/product"}],"about":[{"href":"https:\/\/meminis.com\/fr\/wp-json\/wp\/v2\/types\/product"}],"replies":[{"embeddable":true,"href":"https:\/\/meminis.com\/fr\/wp-json\/wp\/v2\/comments?post=2912"}],"wp:featuredmedia":[{"embeddable":true,"href":"https:\/\/meminis.com\/fr\/wp-json\/wp\/v2\/media\/2854"}],"wp:attachment":[{"href":"https:\/\/meminis.com\/fr\/wp-json\/wp\/v2\/media?parent=2912"}],"curies":[{"name":"wp","href":"https:\/\/api.w.org\/{rel}","templated":true}]}}