{"id":2911,"date":"2020-10-04T16:46:35","date_gmt":"2020-07-16T17:27:27","guid":{"rendered":"https:\/\/meminis.com\/product\/reliquaire-bleu-en-verre-souffle\/"},"modified":"2020-10-26T13:46:02","modified_gmt":"2020-10-26T13:46:02","slug":"reliquaire-bleu-en-verre-souffle","status":"publish","type":"product","link":"https:\/\/meminis.com\/fr\/product\/reliquaire-bleu-en-verre-souffle\/","title":{"rendered":"Reliquaire Bleu en verre souffl\u00e9"},"content":{"rendered":"<p>Un beau reliquaire en verre souffl\u00e9 qui aidera \u00e0 perp\u00e9tuer le souvenir d\u2019un \u00eatre cher.<\/p>\n<p>. Verre souffl\u00e9<br \/>\n. Dimensions: L105*L105*H60mm<br \/>\n. Contenance: 0,45 L<br \/>\n. Transport gratuit<\/p>\n","protected":false},"excerpt":{"rendered":"<p>Le reliquaire en verre souffle bleu est une petite urne comm\u00e9morative pour les cendres d&rsquo;un d\u00e9funt, d&rsquo;un bleu profond, en verre souffl\u00e9 r\u00e9alis\u00e9 \u00e0 la main. Les reliquaires sont une fa\u00e7on particuli\u00e8re de rendre hommage \u00e0 un \u00eatre cher. Elles contiennent une petite quantit\u00e9 de cendres et peuvent \u00eatre utilis\u00e9es pour r\u00e9partir les cendres entre les membres de la famille. Il peut \u00eatre r\u00e9confortant de conserver une partie des cendres &#8211; tandis que le reste des cendres est dispers\u00e9 ou enterr\u00e9.<\/p>\n","protected":false},"featured_media":2844,"comment_status":"closed","ping_status":"closed","template":"","meta":[],"yoast_head":"<!-- This site is optimized with the Yoast SEO plugin v15.6.2 - https:\/\/yoast.com\/wordpress\/plugins\/seo\/ -->\n<title>Reliquaire Bleu en verre souffl\u00e9<\/title>\n<meta name=\"description\" content=\"Un beau reliquaire en verre souffl\u00e9 qui aidera \u00e0 perp\u00e9tuer le souvenir d\u2019un \u00eatre cher. Fabrication artisanale. Transport gratuit.\" \/>\n<meta name=\"robots\" content=\"index, follow, max-snippet:-1, max-image-preview:large, max-video-preview:-1\" \/>\n<link rel=\"canonical\" href=\"\/\" \/>\n<meta property=\"og:locale\" content=\"fr_FR\" \/>\n<meta property=\"og:type\" content=\"article\" \/>\n<meta property=\"og:title\" content=\"Reliquaire Bleu en verre souffl\u00e9\" \/>\n<meta property=\"og:description\" content=\"Un beau reliquaire en verre souffl\u00e9 qui aidera \u00e0 perp\u00e9tuer le souvenir d\u2019un \u00eatre cher. Fabrication artisanale. Transport gratuit.\" \/>\n<meta property=\"og:site_name\" content=\"Meminis\" \/>\n<meta property=\"article:modified_time\" content=\"2020-10-26T13:46:02+00:00\" \/>\n<meta property=\"og:image\" content=\"https:\/\/meminis.com\/wp-content\/uploads\/2020\/09\/2-Verre-souffl\u00e9-Bleu.jpg\" \/>\n\t<meta property=\"og:image:width\" content=\"1000\" \/>\n\t<meta property=\"og:image:height\" content=\"1000\" \/>\n<meta name=\"twitter:card\" content=\"summary_large_image\" \/>\n<script type=\"application\/ld+json\" class=\"yoast-schema-graph\">{\"@context\":\"https:\/\/schema.org\",\"@graph\":[{\"@type\":\"WebSite\",\"@id\":\"https:\/\/meminis.com\/#website\",\"url\":\"https:\/\/meminis.com\/\",\"name\":\"Meminis\",\"description\":\"Urnes fun\\u00e9raires\",\"potentialAction\":[{\"@type\":\"SearchAction\",\"target\":\"https:\/\/meminis.com\/?s={search_term_string}\",\"query-input\":\"required name=search_term_string\"}],\"inLanguage\":\"fr-FR\"},{\"@type\":\"ImageObject\",\"@id\":\"#primaryimage\",\"inLanguage\":\"fr-FR\",\"url\":\"https:\/\/meminis.com\/wp-content\/uploads\/2020\/09\/2-Verre-souffl\\u00e9-Bleu.jpg\",\"width\":1000,\"height\":1000,\"caption\":\"reliquaire verre souffl\\u00e9\"},{\"@type\":\"WebPage\",\"@id\":\"#webpage\",\"url\":null,\"name\":\"Reliquaire Bleu en verre souffl\\u00e9\",\"isPartOf\":{\"@id\":\"https:\/\/meminis.com\/#website\"},\"primaryImageOfPage\":{\"@id\":\"#primaryimage\"},\"datePublished\":\"2020-07-16T17:27:27+00:00\",\"dateModified\":\"2020-10-26T13:46:02+00:00\",\"description\":\"Un beau reliquaire en verre souffl\\u00e9 qui aidera \\u00e0 perp\\u00e9tuer le souvenir d\\u2019un \\u00eatre cher. Fabrication artisanale. Transport gratuit.\",\"inLanguage\":\"fr-FR\",\"potentialAction\":[{\"@type\":\"ReadAction\",\"target\":[null]}]}]}<\/script>\n<!-- \/ Yoast SEO plugin. -->","_links":{"self":[{"href":"https:\/\/meminis.com\/fr\/wp-json\/wp\/v2\/product\/2911"}],"collection":[{"href":"https:\/\/meminis.com\/fr\/wp-json\/wp\/v2\/product"}],"about":[{"href":"https:\/\/meminis.com\/fr\/wp-json\/wp\/v2\/types\/product"}],"replies":[{"embeddable":true,"href":"https:\/\/meminis.com\/fr\/wp-json\/wp\/v2\/comments?post=2911"}],"wp:featuredmedia":[{"embeddable":true,"href":"https:\/\/meminis.com\/fr\/wp-json\/wp\/v2\/media\/2844"}],"wp:attachment":[{"href":"https:\/\/meminis.com\/fr\/wp-json\/wp\/v2\/media?parent=2911"}],"curies":[{"name":"wp","href":"https:\/\/api.w.org\/{rel}","templated":true}]}}