{"id":2910,"date":"2020-10-04T16:46:35","date_gmt":"2020-07-16T17:27:26","guid":{"rendered":"https:\/\/meminis.com\/product\/reliquaire-pourpre-en-porcelaine-de-limoges\/"},"modified":"2020-10-24T10:54:33","modified_gmt":"2020-10-24T10:54:33","slug":"reliquaire-pourpre-en-porcelaine-de-limoges","status":"publish","type":"product","link":"https:\/\/meminis.com\/fr\/product\/reliquaire-pourpre-en-porcelaine-de-limoges\/","title":{"rendered":"Reliquaire Pourpre en porcelaine de Limoges"},"content":{"rendered":"<p>Un beau reliquaire en porcelaine de Limoges qui aidera \u00e0 perp\u00e9tuer le souvenir d\u2019un \u00eatre cher. <\/p>\n<p>. Porcelaine de Limoges<br \/>\n. Dimensions: L75*L75*H30mm<br \/>\n. Contenance: 0,30 L<br \/>\n. Transport gratuit<\/p>\n","protected":false},"excerpt":{"rendered":"<p>Le Reliquaire Pourpre est un souvenir ultime de l\u2019\u00eatre cher.  Ce reliquaire est une urne miniature, de petite capacit\u00e9, pouvant contenir une petite partie des cendres du d\u00e9funt ou tout autre objet de petite taille associ\u00e9 \u00e0 son souvenir (m\u00e8che de cheveux, bijou, photo d\u2019identit\u00e9).<\/p>\n","protected":false},"featured_media":1757,"comment_status":"closed","ping_status":"closed","template":"","meta":[],"yoast_head":"<!-- This site is optimized with the Yoast SEO plugin v15.6.2 - https:\/\/yoast.com\/wordpress\/plugins\/seo\/ -->\n<title>Reliquaire Pourpre en porcelaine de Limoges<\/title>\n<meta name=\"description\" content=\"Un beau reliquaire en porcelaine de Limoges qui aidera \u00e0 perp\u00e9tuer le souvenir d\u2019un \u00eatre cher. Fabrication artisanale. Transport gratuit.\" \/>\n<meta name=\"robots\" content=\"index, follow, max-snippet:-1, max-image-preview:large, max-video-preview:-1\" \/>\n<link rel=\"canonical\" href=\"\/\" \/>\n<meta property=\"og:locale\" content=\"fr_FR\" \/>\n<meta property=\"og:type\" content=\"article\" \/>\n<meta property=\"og:title\" content=\"Reliquaire Pourpre en porcelaine de Limoges\" \/>\n<meta property=\"og:description\" content=\"Un beau reliquaire en porcelaine de Limoges qui aidera \u00e0 perp\u00e9tuer le souvenir d\u2019un \u00eatre cher. Fabrication artisanale. Transport gratuit.\" \/>\n<meta property=\"og:site_name\" content=\"Meminis\" \/>\n<meta property=\"article:modified_time\" content=\"2020-10-24T10:54:33+00:00\" \/>\n<meta property=\"og:image\" content=\"https:\/\/meminis.com\/wp-content\/uploads\/2020\/09\/reliquaire-R00065.jpg\" \/>\n\t<meta property=\"og:image:width\" content=\"1000\" \/>\n\t<meta property=\"og:image:height\" content=\"1000\" \/>\n<meta name=\"twitter:card\" content=\"summary_large_image\" \/>\n<script type=\"application\/ld+json\" class=\"yoast-schema-graph\">{\"@context\":\"https:\/\/schema.org\",\"@graph\":[{\"@type\":\"WebSite\",\"@id\":\"https:\/\/meminis.com\/#website\",\"url\":\"https:\/\/meminis.com\/\",\"name\":\"Meminis\",\"description\":\"Urnes fun\\u00e9raires\",\"potentialAction\":[{\"@type\":\"SearchAction\",\"target\":\"https:\/\/meminis.com\/?s={search_term_string}\",\"query-input\":\"required name=search_term_string\"}],\"inLanguage\":\"fr-FR\"},{\"@type\":\"ImageObject\",\"@id\":\"#primaryimage\",\"inLanguage\":\"fr-FR\",\"url\":\"https:\/\/meminis.com\/wp-content\/uploads\/2020\/09\/reliquaire-R00065.jpg\",\"width\":1000,\"height\":1000,\"caption\":\"reliquaire porcelaine\"},{\"@type\":\"WebPage\",\"@id\":\"#webpage\",\"url\":null,\"name\":\"Reliquaire Pourpre en porcelaine de Limoges\",\"isPartOf\":{\"@id\":\"https:\/\/meminis.com\/#website\"},\"primaryImageOfPage\":{\"@id\":\"#primaryimage\"},\"datePublished\":\"2020-07-16T17:27:26+00:00\",\"dateModified\":\"2020-10-24T10:54:33+00:00\",\"description\":\"Un beau reliquaire en porcelaine de Limoges qui aidera \\u00e0 perp\\u00e9tuer le souvenir d\\u2019un \\u00eatre cher. Fabrication artisanale. Transport gratuit.\",\"inLanguage\":\"fr-FR\",\"potentialAction\":[{\"@type\":\"ReadAction\",\"target\":[null]}]}]}<\/script>\n<!-- \/ Yoast SEO plugin. -->","_links":{"self":[{"href":"https:\/\/meminis.com\/fr\/wp-json\/wp\/v2\/product\/2910"}],"collection":[{"href":"https:\/\/meminis.com\/fr\/wp-json\/wp\/v2\/product"}],"about":[{"href":"https:\/\/meminis.com\/fr\/wp-json\/wp\/v2\/types\/product"}],"replies":[{"embeddable":true,"href":"https:\/\/meminis.com\/fr\/wp-json\/wp\/v2\/comments?post=2910"}],"wp:featuredmedia":[{"embeddable":true,"href":"https:\/\/meminis.com\/fr\/wp-json\/wp\/v2\/media\/1757"}],"wp:attachment":[{"href":"https:\/\/meminis.com\/fr\/wp-json\/wp\/v2\/media?parent=2910"}],"curies":[{"name":"wp","href":"https:\/\/api.w.org\/{rel}","templated":true}]}}