{"id":2905,"date":"2020-10-04T16:46:32","date_gmt":"2020-07-16T17:27:22","guid":{"rendered":"https:\/\/meminis.com\/product\/reliquaire-blanc-argent-en-porcelaine-de-limoges\/"},"modified":"2020-10-24T10:54:34","modified_gmt":"2020-10-24T10:54:34","slug":"reliquaire-blanc-argent-en-porcelaine-de-limoges","status":"publish","type":"product","link":"https:\/\/meminis.com\/fr\/product\/reliquaire-blanc-argent-en-porcelaine-de-limoges\/","title":{"rendered":"Reliquaire Blanc Argent en porcelaine de Limoges"},"content":{"rendered":"<p>Un beau reliquaire en porcelaine de Limoges qui aidera \u00e0 perp\u00e9tuer le souvenir d\u2019un \u00eatre cher. <\/p>\n<p>. Porcelaine de Limoges<br \/>\n. Dimensions: L75*L75*H30mm<br \/>\n. Contenance: 0,30 L<br \/>\n. Transport gratuit<\/p>\n","protected":false},"excerpt":{"rendered":"<p>Conservez le Reliquaire Blanc Argent comme souvenir ultime de l\u2019\u00eatre cher.  Les reliquaires peuvent \u00eatre utilis\u00e9s pour diverses raisons: pour partager les cendres d&rsquo;un \u00eatre cher entre plusieurs membres de la famille, ou pour conserver une petite partie des cendres apr\u00e8s que la majorit\u00e9 des cendres aient \u00e9t\u00e9 dispers\u00e9es, enterr\u00e9es ou plac\u00e9es dans un columbarium. Certaines personnes choisissent de disperser ou de conserver une petite quantit\u00e9 de cendres dans un endroit diff\u00e9rent de celui o\u00f9 l&rsquo;urne principale est expos\u00e9e.<\/p>\n","protected":false},"featured_media":1747,"comment_status":"closed","ping_status":"closed","template":"","meta":[],"yoast_head":"<!-- This site is optimized with the Yoast SEO plugin v15.6.2 - https:\/\/yoast.com\/wordpress\/plugins\/seo\/ -->\n<title>Reliquaire Blanc Argent en porcelaine de Limoges<\/title>\n<meta name=\"description\" content=\"Un beau reliquaire en porcelaine de Limoges qui aidera \u00e0 perp\u00e9tuer le souvenir d\u2019un \u00eatre cher. Fabrication artisanale. Transport gratuit.\" \/>\n<meta name=\"robots\" content=\"index, follow, max-snippet:-1, max-image-preview:large, max-video-preview:-1\" \/>\n<link rel=\"canonical\" href=\"\/\" \/>\n<meta property=\"og:locale\" content=\"fr_FR\" \/>\n<meta property=\"og:type\" content=\"article\" \/>\n<meta property=\"og:title\" content=\"Reliquaire Blanc Argent en porcelaine de Limoges\" \/>\n<meta property=\"og:description\" content=\"Un beau reliquaire en porcelaine de Limoges qui aidera \u00e0 perp\u00e9tuer le souvenir d\u2019un \u00eatre cher. Fabrication artisanale. Transport gratuit.\" \/>\n<meta property=\"og:site_name\" content=\"Meminis\" \/>\n<meta property=\"article:modified_time\" content=\"2020-10-24T10:54:34+00:00\" \/>\n<meta property=\"og:image\" content=\"https:\/\/meminis.com\/wp-content\/uploads\/2020\/09\/reliquaire-R00051.jpg\" \/>\n\t<meta property=\"og:image:width\" content=\"1000\" \/>\n\t<meta property=\"og:image:height\" content=\"1000\" \/>\n<meta name=\"twitter:card\" content=\"summary_large_image\" \/>\n<script type=\"application\/ld+json\" class=\"yoast-schema-graph\">{\"@context\":\"https:\/\/schema.org\",\"@graph\":[{\"@type\":\"WebSite\",\"@id\":\"https:\/\/meminis.com\/#website\",\"url\":\"https:\/\/meminis.com\/\",\"name\":\"Meminis\",\"description\":\"Urnes fun\\u00e9raires\",\"potentialAction\":[{\"@type\":\"SearchAction\",\"target\":\"https:\/\/meminis.com\/?s={search_term_string}\",\"query-input\":\"required name=search_term_string\"}],\"inLanguage\":\"fr-FR\"},{\"@type\":\"ImageObject\",\"@id\":\"#primaryimage\",\"inLanguage\":\"fr-FR\",\"url\":\"https:\/\/meminis.com\/wp-content\/uploads\/2020\/09\/reliquaire-R00051.jpg\",\"width\":1000,\"height\":1000,\"caption\":\"reliquaire porcelaine\"},{\"@type\":\"WebPage\",\"@id\":\"#webpage\",\"url\":null,\"name\":\"Reliquaire Blanc Argent en porcelaine de Limoges\",\"isPartOf\":{\"@id\":\"https:\/\/meminis.com\/#website\"},\"primaryImageOfPage\":{\"@id\":\"#primaryimage\"},\"datePublished\":\"2020-07-16T17:27:22+00:00\",\"dateModified\":\"2020-10-24T10:54:34+00:00\",\"description\":\"Un beau reliquaire en porcelaine de Limoges qui aidera \\u00e0 perp\\u00e9tuer le souvenir d\\u2019un \\u00eatre cher. Fabrication artisanale. Transport gratuit.\",\"inLanguage\":\"fr-FR\",\"potentialAction\":[{\"@type\":\"ReadAction\",\"target\":[null]}]}]}<\/script>\n<!-- \/ Yoast SEO plugin. -->","_links":{"self":[{"href":"https:\/\/meminis.com\/fr\/wp-json\/wp\/v2\/product\/2905"}],"collection":[{"href":"https:\/\/meminis.com\/fr\/wp-json\/wp\/v2\/product"}],"about":[{"href":"https:\/\/meminis.com\/fr\/wp-json\/wp\/v2\/types\/product"}],"replies":[{"embeddable":true,"href":"https:\/\/meminis.com\/fr\/wp-json\/wp\/v2\/comments?post=2905"}],"wp:featuredmedia":[{"embeddable":true,"href":"https:\/\/meminis.com\/fr\/wp-json\/wp\/v2\/media\/1747"}],"wp:attachment":[{"href":"https:\/\/meminis.com\/fr\/wp-json\/wp\/v2\/media?parent=2905"}],"curies":[{"name":"wp","href":"https:\/\/api.w.org\/{rel}","templated":true}]}}