{"id":1820,"date":"2020-10-04T16:46:21","date_gmt":"2020-09-03T14:58:02","guid":{"rendered":"https:\/\/meminis.com\/product\/medaillon-funeraire-etoile-argent\/"},"modified":"2021-03-13T18:02:41","modified_gmt":"2021-03-13T18:02:41","slug":"medaillon-funeraire-etoile-argent","status":"publish","type":"product","link":"https:\/\/meminis.com\/fr\/product\/medaillon-funeraire-etoile-argent\/","title":{"rendered":"M\u00e9daillon fun\u00e9raire \u00e9toile argent"},"content":{"rendered":"<p>Le M\u00e9daillon Etoile en laiton recouvert d&rsquo;une couche d&rsquo;argent, symbole du lien \u00e9ternel avec le disparu. Ce m\u00e9daillon pourra \u00eatre port\u00e9, d\u00e9pos\u00e9 sur l&rsquo;urne fun\u00e9raire Solaris dans une loge pr\u00e9vue \u00e0 cet effet, ou conserv\u00e9 comme objet de m\u00e9moire.Ce m\u00e9daillon peut \u00eatre port\u00e9 au bout d\u2019une cha\u00eenette, il sera le lien de m\u00e9moire physique avec la personne disparue. Il peut par ailleurs rester incrust\u00e9 au sein du dispositif de l&rsquo;urne fun\u00e9raire Solaris. \u00c9l\u00e9ment du rituel, ce m\u00e9daillon peut \u00eatre remis \u00e0 la famille \u00e0 l\u2019issue de la c\u00e9r\u00e9monie. Symboliquement, les proches sont d\u00e9sormais les gardiens de la m\u00e9moire.<\/p>\n<p>. Ce m\u00e9daillon pourra \u00eatre grav\u00e9 sur demande.<br \/>\n. L&rsquo;argent est souvent associ\u00e9 \u00e0 la clart\u00e9 et \u00e0 l&rsquo;honn\u00eatet\u00e9 &#8211; de par ses propri\u00e9t\u00e9s r\u00e9fl\u00e9chissantes, il est souvent consid\u00e9r\u00e9 comme un miroir de l&rsquo;\u00e2me. Certains pensent que l&rsquo;argent a la capacit\u00e9 d&rsquo;\u00e9loigner l&rsquo;\u00e9nergie n\u00e9gative.<\/p>\n<p>Avec ce pendentif m\u00e9daillon, donnez du sens, cultivez la m\u00e9moire de l\u2019\u00eatre cher disparu, tout en restant fid\u00e8le \u00e0 ses valeurs.<\/p>\n","protected":false},"excerpt":{"rendered":"<p>R\u00e9confortant comme une \u00e9treinte, lumineux comme une \u00e9toile. Ce d\u00e9licat pendentif fun\u00e9raire en forme d&rsquo;\u00e9toile vous permet de conserver l&rsquo;\u00eatre aim\u00e9 pr\u00e8s de votre c\u0153ur.  Votre proche est toujours avec  vous, quoi qu&rsquo;il arrive.<\/p>\n","protected":false},"featured_media":1732,"comment_status":"open","ping_status":"closed","template":"","meta":[],"yoast_head":"<!-- This site is optimized with the Yoast SEO plugin v15.6.2 - https:\/\/yoast.com\/wordpress\/plugins\/seo\/ -->\n<title>M\u00e9daillon cr\u00e9mation \u00e9toile argent<\/title>\n<meta name=\"description\" content=\"Avec ce pendentif m\u00e9daillon, donnez du sens, cultivez la m\u00e9moire de l\u2019\u00eatre cher disparu, tout en restant fid\u00e8le \u00e0 ses valeurs.\" \/>\n<meta name=\"robots\" content=\"index, follow, max-snippet:-1, max-image-preview:large, max-video-preview:-1\" \/>\n<link rel=\"canonical\" href=\"\/\" \/>\n<meta property=\"og:locale\" content=\"fr_FR\" \/>\n<meta property=\"og:type\" content=\"article\" \/>\n<meta property=\"og:title\" content=\"M\u00e9daillon cr\u00e9mation \u00e9toile argent\" \/>\n<meta property=\"og:description\" content=\"Avec ce pendentif m\u00e9daillon, donnez du sens, cultivez la m\u00e9moire de l\u2019\u00eatre cher disparu, tout en restant fid\u00e8le \u00e0 ses valeurs.\" \/>\n<meta property=\"og:site_name\" content=\"Meminis\" \/>\n<meta property=\"article:modified_time\" content=\"2021-03-13T18:02:41+00:00\" \/>\n<meta name=\"twitter:card\" content=\"summary_large_image\" \/>\n<meta name=\"twitter:label1\" content=\"Dur\u00e9e de lecture est.\">\n\t<meta name=\"twitter:data1\" content=\"1 minute\">\n<script type=\"application\/ld+json\" class=\"yoast-schema-graph\">{\"@context\":\"https:\/\/schema.org\",\"@graph\":[{\"@type\":\"WebSite\",\"@id\":\"https:\/\/meminis.com\/#website\",\"url\":\"https:\/\/meminis.com\/\",\"name\":\"Meminis\",\"description\":\"Urnes fun\\u00e9raires\",\"potentialAction\":[{\"@type\":\"SearchAction\",\"target\":\"https:\/\/meminis.com\/?s={search_term_string}\",\"query-input\":\"required name=search_term_string\"}],\"inLanguage\":\"fr-FR\"},{\"@type\":\"ImageObject\",\"@id\":\"#primaryimage\",\"inLanguage\":\"fr-FR\",\"url\":\"https:\/\/meminis.com\/wp-content\/uploads\/2020\/09\/medaillon-etoile-argent.jpg\",\"width\":1000,\"height\":1000,\"caption\":\"cremation necklaces\"},{\"@type\":\"WebPage\",\"@id\":\"#webpage\",\"url\":null,\"name\":\"M\\u00e9daillon cr\\u00e9mation \\u00e9toile argent\",\"isPartOf\":{\"@id\":\"https:\/\/meminis.com\/#website\"},\"primaryImageOfPage\":{\"@id\":\"#primaryimage\"},\"datePublished\":\"2020-09-03T14:58:02+00:00\",\"dateModified\":\"2021-03-13T18:02:41+00:00\",\"description\":\"Avec ce pendentif m\\u00e9daillon, donnez du sens, cultivez la m\\u00e9moire de l\\u2019\\u00eatre cher disparu, tout en restant fid\\u00e8le \\u00e0 ses valeurs.\",\"inLanguage\":\"fr-FR\",\"potentialAction\":[{\"@type\":\"ReadAction\",\"target\":[null]}]}]}<\/script>\n<!-- \/ Yoast SEO plugin. -->","_links":{"self":[{"href":"https:\/\/meminis.com\/fr\/wp-json\/wp\/v2\/product\/1820"}],"collection":[{"href":"https:\/\/meminis.com\/fr\/wp-json\/wp\/v2\/product"}],"about":[{"href":"https:\/\/meminis.com\/fr\/wp-json\/wp\/v2\/types\/product"}],"replies":[{"embeddable":true,"href":"https:\/\/meminis.com\/fr\/wp-json\/wp\/v2\/comments?post=1820"}],"wp:featuredmedia":[{"embeddable":true,"href":"https:\/\/meminis.com\/fr\/wp-json\/wp\/v2\/media\/1732"}],"wp:attachment":[{"href":"https:\/\/meminis.com\/fr\/wp-json\/wp\/v2\/media?parent=1820"}],"curies":[{"name":"wp","href":"https:\/\/api.w.org\/{rel}","templated":true}]}}