{"id":1817,"date":"2020-10-04T16:46:18","date_gmt":"2020-09-03T14:57:57","guid":{"rendered":"https:\/\/meminis.com\/product\/medaillon-funeraire-rose-or\/"},"modified":"2020-10-24T10:54:34","modified_gmt":"2020-10-24T10:54:34","slug":"medaillon-funeraire-rose-or","status":"publish","type":"product","link":"https:\/\/meminis.com\/fr\/product\/medaillon-funeraire-rose-or\/","title":{"rendered":"M\u00e9daillon fun\u00e9raire rose or"},"content":{"rendered":"<p>Le M\u00e9daillon Rose est dor\u00e9 \u00e0 l\u2019or fin, symbole du lien \u00e9ternel avec le disparu. Ce m\u00e9daillon pourra \u00eatre port\u00e9, d\u00e9pos\u00e9 sur l&rsquo;urne fun\u00e9raire Solaris dans une loge pr\u00e9vue \u00e0 cet effet, ou conserv\u00e9 comme objet de m\u00e9moire.Ce m\u00e9daillon peut \u00eatre port\u00e9 au bout d\u2019une cha\u00eenette, il sera le lien de m\u00e9moire physique avec la personne disparue. Il peut par ailleurs rester incrust\u00e9 au sein du dispositif de l&rsquo;urne fun\u00e9raire Solaris. \u00c9l\u00e9ment du rituel, ce m\u00e9daillon peut \u00eatre remis \u00e0 la famille \u00e0 l\u2019issue de la c\u00e9r\u00e9monie. Symboliquement, les proches sont d\u00e9sormais les gardiens de la m\u00e9moire.<br \/>\n. Laiton sous couche or<br \/>\n. Ce m\u00e9daillon pourra \u00eatre grav\u00e9 sur demande.<br \/>\n. La couleur or est souvent vue comme un symbole de richesse, mais elle est aussi associ\u00e9e \u00e0 un symbole de spiritualit\u00e9 plus profond.<\/p>\n<p>Avec ce pendentif m\u00e9daillon, donnez du sens, cultivez la m\u00e9moire de l\u2019\u00eatre cher disparu, tout en restant fid\u00e8le \u00e0 ses valeurs.<\/p>\n","protected":false},"excerpt":{"rendered":"<p>Le pendentif Rose incarne un lien \u00e9ternel et incassable. Que vous ayez perdu quelqu&rsquo;un trop t\u00f4t ou que votre proche ait v\u00e9cu pleinement sa vie, le pendentif Rose est une belle fa\u00e7on de comm\u00e9morer les souvenirs de ce voyage magnifique que vous avez fait ensemble.<\/p>\n","protected":false},"featured_media":1735,"comment_status":"open","ping_status":"closed","template":"","meta":[],"yoast_head":"<!-- This site is optimized with the Yoast SEO plugin v15.6.2 - https:\/\/yoast.com\/wordpress\/plugins\/seo\/ -->\n<title>M\u00e9daillon cr\u00e9mation rose or<\/title>\n<meta name=\"description\" content=\"Avec ce pendentif m\u00e9daillon, donnez du sens, cultivez la m\u00e9moire de l\u2019\u00eatre cher disparu, tout en restant fid\u00e8le \u00e0 ses valeurs.\" \/>\n<meta name=\"robots\" content=\"index, follow, max-snippet:-1, max-image-preview:large, max-video-preview:-1\" \/>\n<link rel=\"canonical\" href=\"\/\" \/>\n<meta property=\"og:locale\" content=\"fr_FR\" \/>\n<meta property=\"og:type\" content=\"article\" \/>\n<meta property=\"og:title\" content=\"M\u00e9daillon cr\u00e9mation rose or\" \/>\n<meta property=\"og:description\" content=\"Avec ce pendentif m\u00e9daillon, donnez du sens, cultivez la m\u00e9moire de l\u2019\u00eatre cher disparu, tout en restant fid\u00e8le \u00e0 ses valeurs.\" \/>\n<meta property=\"og:site_name\" content=\"Meminis\" \/>\n<meta property=\"article:modified_time\" content=\"2020-10-24T10:54:34+00:00\" \/>\n<meta name=\"twitter:card\" content=\"summary_large_image\" \/>\n<meta name=\"twitter:label1\" content=\"Dur\u00e9e de lecture est.\">\n\t<meta name=\"twitter:data1\" content=\"1 minute\">\n<script type=\"application\/ld+json\" class=\"yoast-schema-graph\">{\"@context\":\"https:\/\/schema.org\",\"@graph\":[{\"@type\":\"WebSite\",\"@id\":\"https:\/\/meminis.com\/#website\",\"url\":\"https:\/\/meminis.com\/\",\"name\":\"Meminis\",\"description\":\"Urnes fun\\u00e9raires\",\"potentialAction\":[{\"@type\":\"SearchAction\",\"target\":\"https:\/\/meminis.com\/?s={search_term_string}\",\"query-input\":\"required name=search_term_string\"}],\"inLanguage\":\"fr-FR\"},{\"@type\":\"ImageObject\",\"@id\":\"#primaryimage\",\"inLanguage\":\"fr-FR\",\"url\":\"https:\/\/meminis.com\/wp-content\/uploads\/2020\/09\/medaillon-rose-or.jpg\",\"width\":1000,\"height\":1000,\"caption\":\"urne fun\\u00e9raire porcelaine\"},{\"@type\":\"WebPage\",\"@id\":\"#webpage\",\"url\":null,\"name\":\"M\\u00e9daillon cr\\u00e9mation rose or\",\"isPartOf\":{\"@id\":\"https:\/\/meminis.com\/#website\"},\"primaryImageOfPage\":{\"@id\":\"#primaryimage\"},\"datePublished\":\"2020-09-03T14:57:57+00:00\",\"dateModified\":\"2020-10-24T10:54:34+00:00\",\"description\":\"Avec ce pendentif m\\u00e9daillon, donnez du sens, cultivez la m\\u00e9moire de l\\u2019\\u00eatre cher disparu, tout en restant fid\\u00e8le \\u00e0 ses valeurs.\",\"inLanguage\":\"fr-FR\",\"potentialAction\":[{\"@type\":\"ReadAction\",\"target\":[null]}]}]}<\/script>\n<!-- \/ Yoast SEO plugin. -->","_links":{"self":[{"href":"https:\/\/meminis.com\/fr\/wp-json\/wp\/v2\/product\/1817"}],"collection":[{"href":"https:\/\/meminis.com\/fr\/wp-json\/wp\/v2\/product"}],"about":[{"href":"https:\/\/meminis.com\/fr\/wp-json\/wp\/v2\/types\/product"}],"replies":[{"embeddable":true,"href":"https:\/\/meminis.com\/fr\/wp-json\/wp\/v2\/comments?post=1817"}],"wp:featuredmedia":[{"embeddable":true,"href":"https:\/\/meminis.com\/fr\/wp-json\/wp\/v2\/media\/1735"}],"wp:attachment":[{"href":"https:\/\/meminis.com\/fr\/wp-json\/wp\/v2\/media?parent=1817"}],"curies":[{"name":"wp","href":"https:\/\/api.w.org\/{rel}","templated":true}]}}