{"id":1177,"date":"2020-10-04T16:46:15","date_gmt":"2020-07-16T17:27:21","guid":{"rendered":"https:\/\/meminis.com\/product\/crystal-noir\/"},"modified":"2020-10-21T16:40:11","modified_gmt":"2020-10-21T16:40:11","slug":"urne-funeraire-crystal-noir","status":"publish","type":"product","link":"https:\/\/meminis.com\/fr\/product\/urne-funeraire-crystal-noir\/","title":{"rendered":"Urne fun\u00e9raire Corian Crystal Noire"},"content":{"rendered":"<p>L\u2019urne fun\u00e9raire Crystal Noire est accompagn\u00e9e d\u2019un fermoir en m\u00e9tal et d\u2019un m\u00e9daillon dor\u00e9 \u00e0 l\u2019or fin ou argent, symbole du lien \u00e9ternel avec le disparu. Ce m\u00e9daillon pourra \u00eatre d\u00e9pos\u00e9 sur le fermoir dans une loge pr\u00e9vue \u00e0 cet effet ou conserv\u00e9 comme objet de m\u00e9moire.<\/p>\n<p>. Cette urne fun\u00e9raire peut \u00eatre d\u00e9pos\u00e9e dans un endroit chez vous ou dans le columbarium d\u2019un cimeti\u00e8re.<br \/>\n. Urne aux formes \u00e9pur\u00e9es en Corian, r\u00e9alis\u00e9e \u00e0 la main par un artisan talentueux, en France. Nos produits font l\u2019objet de toutes les attentions et du m\u00eame amour.<br \/>\n. L\u2019urne fun\u00e9raire Crystal dispose d\u2019un syst\u00e8me de fermeture qui accueille un m\u00e9daillon comportant diff\u00e9rents graphismes, dor\u00e9 \u00e0 l\u2019or fin ou argent.<br \/>\n. Le m\u00e9daillon, port\u00e9 au bout d\u2019une cha\u00eenette, est le lien de m\u00e9moire physique avec la personne disparue. Il peut par ailleurs rester incrust\u00e9 au sein du dispositif. \u00c9l\u00e9ment du rituel, la cl\u00e9 peut \u00eatre remise \u00e0 la famille \u00e0 l\u2019issue de la c\u00e9r\u00e9monie. Symboliquement, les proches sont d\u00e9sormais les gardiens de la m\u00e9moire.<br \/>\n. Le corian est un mat\u00e9riau tr\u00e8s esth\u00e9tique, qui allie la robustesse du marbre \u00e0 la douceur du satin. Il r\u00e9siste \u00e0 l\u2019usure aux chocs, impacts, U.V&#8230;<br \/>\n. Capacit\u00e9 3.9 L, dimensions L260*L260*H280mm<\/p>\n<p>Meminis vous propose une livraison gratuite \u00e0 domicile, ou tout autre lieu \u00e0 votre convenance, en France.<br \/>\nTous nos produits sont livr\u00e9s par un transporteur sp\u00e9cialis\u00e9. Que ce soit pour nos reliquaires, nos urnes, ou autres accessoires, nous les emballons avec soin dans des cartons renforc\u00e9s.<\/p>\n","protected":false},"excerpt":{"rendered":"<p>Partagez l&rsquo;\u00e9motion, pr\u00e9servez le souvenir et honorez l&rsquo;\u00eatre aim\u00e9 avec l&rsquo;urne fun\u00e9raire Crystal Noire en Corian.<\/p>\n<p><strong>ACHETER L\u2019URNE ET LE MEDAILLON:<\/strong><\/p>\n","protected":false},"featured_media":1712,"comment_status":"closed","ping_status":"closed","template":"","meta":[],"yoast_head":"<!-- This site is optimized with the Yoast SEO plugin v15.6.2 - https:\/\/yoast.com\/wordpress\/plugins\/seo\/ -->\n<title>Urne fun\u00e9raire Corian Crystal Noire<\/title>\n<meta name=\"description\" content=\"Une urne fun\u00e9raire au design \u00e9l\u00e9gant, apaisant et intemporel, pour celles et ceux qui ont perdu un \u00eatre cher. Un bel hommage \u00e0 la personne disparue.\" \/>\n<meta name=\"robots\" content=\"index, follow, max-snippet:-1, max-image-preview:large, max-video-preview:-1\" \/>\n<link rel=\"canonical\" href=\"\/\" \/>\n<meta property=\"og:locale\" content=\"fr_FR\" \/>\n<meta property=\"og:type\" content=\"article\" \/>\n<meta property=\"og:title\" content=\"Urne fun\u00e9raire Corian Crystal Noire\" \/>\n<meta property=\"og:description\" content=\"Une urne fun\u00e9raire au design \u00e9l\u00e9gant, apaisant et intemporel, pour celles et ceux qui ont perdu un \u00eatre cher. Un bel hommage \u00e0 la personne disparue.\" \/>\n<meta property=\"og:site_name\" content=\"Meminis\" \/>\n<meta property=\"article:modified_time\" content=\"2020-10-21T16:40:11+00:00\" \/>\n<meta property=\"og:image\" content=\"https:\/\/meminis.com\/wp-content\/uploads\/2020\/09\/crystal-noir-m00031.jpg\" \/>\n\t<meta property=\"og:image:width\" content=\"1000\" \/>\n\t<meta property=\"og:image:height\" content=\"1000\" \/>\n<meta name=\"twitter:card\" content=\"summary_large_image\" \/>\n<meta name=\"twitter:label1\" content=\"Dur\u00e9e de lecture est.\">\n\t<meta name=\"twitter:data1\" content=\"1 minute\">\n<script type=\"application\/ld+json\" class=\"yoast-schema-graph\">{\"@context\":\"https:\/\/schema.org\",\"@graph\":[{\"@type\":\"WebSite\",\"@id\":\"https:\/\/meminis.com\/#website\",\"url\":\"https:\/\/meminis.com\/\",\"name\":\"Meminis\",\"description\":\"Urnes fun\\u00e9raires\",\"potentialAction\":[{\"@type\":\"SearchAction\",\"target\":\"https:\/\/meminis.com\/?s={search_term_string}\",\"query-input\":\"required name=search_term_string\"}],\"inLanguage\":\"fr-FR\"},{\"@type\":\"ImageObject\",\"@id\":\"#primaryimage\",\"inLanguage\":\"fr-FR\",\"url\":\"https:\/\/meminis.com\/wp-content\/uploads\/2020\/09\/crystal-noir-m00031.jpg\",\"width\":1000,\"height\":1000,\"caption\":\"Funeral urn for ashes - Black Crystal\"},{\"@type\":\"WebPage\",\"@id\":\"#webpage\",\"url\":null,\"name\":\"Urne fun\\u00e9raire Corian Crystal Noire\",\"isPartOf\":{\"@id\":\"https:\/\/meminis.com\/#website\"},\"primaryImageOfPage\":{\"@id\":\"#primaryimage\"},\"datePublished\":\"2020-07-16T17:27:21+00:00\",\"dateModified\":\"2020-10-21T16:40:11+00:00\",\"description\":\"Une urne fun\\u00e9raire au design \\u00e9l\\u00e9gant, apaisant et intemporel, pour celles et ceux qui ont perdu un \\u00eatre cher. Un bel hommage \\u00e0 la personne disparue.\",\"inLanguage\":\"fr-FR\",\"potentialAction\":[{\"@type\":\"ReadAction\",\"target\":[null]}]}]}<\/script>\n<!-- \/ Yoast SEO plugin. -->","_links":{"self":[{"href":"https:\/\/meminis.com\/fr\/wp-json\/wp\/v2\/product\/1177"}],"collection":[{"href":"https:\/\/meminis.com\/fr\/wp-json\/wp\/v2\/product"}],"about":[{"href":"https:\/\/meminis.com\/fr\/wp-json\/wp\/v2\/types\/product"}],"replies":[{"embeddable":true,"href":"https:\/\/meminis.com\/fr\/wp-json\/wp\/v2\/comments?post=1177"}],"wp:featuredmedia":[{"embeddable":true,"href":"https:\/\/meminis.com\/fr\/wp-json\/wp\/v2\/media\/1712"}],"wp:attachment":[{"href":"https:\/\/meminis.com\/fr\/wp-json\/wp\/v2\/media?parent=1177"}],"curies":[{"name":"wp","href":"https:\/\/api.w.org\/{rel}","templated":true}]}}