{"id":1172,"date":"2020-10-04T16:46:12","date_gmt":"2020-07-16T17:27:16","guid":{"rendered":"https:\/\/meminis.com\/product\/solaris-pourpre\/"},"modified":"2020-10-21T16:40:11","modified_gmt":"2020-10-21T16:40:11","slug":"urne-funeraire-solaris-pourpre","status":"publish","type":"product","link":"https:\/\/meminis.com\/fr\/product\/urne-funeraire-solaris-pourpre\/","title":{"rendered":"Urne fun\u00e9raire Solaris Pourpre en porcelaine de Limoges"},"content":{"rendered":"<p>Confectionn\u00e9e en porcelaine de Limoges, l\u2019urne cin\u00e9raire SOLARIS POURPRE est accompagn\u00e9e d\u2019un fermoir en m\u00e9tal et d\u2019un m\u00e9daillon dor\u00e9 \u00e0 l\u2019or fin ou argent, symbole du lien \u00e9ternel avec le disparu. Ce m\u00e9daillon pourra \u00eatre d\u00e9pos\u00e9 sur le fermoir dans une loge pr\u00e9vue \u00e0 cet effet ou conserv\u00e9 comme objet de m\u00e9moire.<\/p>\n<p>. Cette urne cin\u00e9raire  peut \u00eatre d\u00e9pos\u00e9e dans un endroit chez vous ou dans le columbarium d\u2019un cimeti\u00e8re.<br \/>\n. Urne aux formes \u00e9pur\u00e9es en porcelaine de Limoges, r\u00e9alis\u00e9e et peaufin\u00e9e \u00e0 la main par un artisan talentueux, en France. Nos produits font l\u2019objet de toutes les attentions et du m\u00eame amour.<br \/>\n. L\u2019urne fun\u00e9raire Solaris dispose d\u2019un syst\u00e8me de fermeture qui accueille un m\u00e9daillon comportant diff\u00e9rents graphismes, dor\u00e9 \u00e0 l\u2019or fin ou argent.<br \/>\n. Le m\u00e9daillon: sa couleur sobre et \u00e9l\u00e9gante vous permettra de le porter en tout temps. Ce pendentif peut aussi bien \u00eatre port\u00e9 par une femme que par un homme. Il peut par ailleurs rester incrust\u00e9 au sein de l\u2019urne.<br \/>\n. Le m\u00e9daillon peut \u00eatre grav\u00e9 sur demande.<br \/>\n. La couleur pourpre est souvent associ\u00e9e \u00e0 la spiritualit\u00e9 et la noblesse.<br \/>\n. Capacit\u00e9 4 L, dimensions L250*L250*H150 mmm<\/p>\n<p>Meminis vous propose une livraison gratuite \u00e0 domicile, ou tout autre lieu \u00e0 votre convenance.<br \/>\nTous nos produits sont livr\u00e9s par un transporteur sp\u00e9cialis\u00e9. Que ce soit pour nos reliquaires, nos urnes, ou autres accessoires, nous les emballons avec soin dans des cartons renforc\u00e9s.<\/p>\n","protected":false},"excerpt":{"rendered":"<p>Urne de cr\u00e9mation en porcelaine de Limoges, un v\u00e9ritable \u00e9crin, pour le plus bel hommage. Fabriqu\u00e9e artisanalement, les finitions de cette urne lui conf\u00e8rent un caract\u00e8re \u00e9l\u00e9gant et atemporel. L\u2019urne fun\u00e9raire Solaris Pourpre est propos\u00e9e avec un m\u00e9daillon, lien de m\u00e9moire physique avec la personne disparue.<br \/>\nACHETER L\u2019URNE ET LE MEDAILLON:<\/p>\n","protected":false},"featured_media":3943,"comment_status":"closed","ping_status":"closed","template":"","meta":[],"yoast_head":"<!-- This site is optimized with the Yoast SEO plugin v15.6.2 - https:\/\/yoast.com\/wordpress\/plugins\/seo\/ -->\n<title>Urne cin\u00e9raire Solaris Pourpre en porcelaine de Limoges<\/title>\n<meta name=\"description\" content=\"Un design \u00e9l\u00e9gant, apaisant et intemporel, pour celles et ceux qui ont perdu un \u00eatre cher. Un bel hommage \u00e0 la personne disparue.\" \/>\n<meta name=\"robots\" content=\"index, follow, max-snippet:-1, max-image-preview:large, max-video-preview:-1\" \/>\n<link rel=\"canonical\" href=\"\/\" \/>\n<meta property=\"og:locale\" content=\"fr_FR\" \/>\n<meta property=\"og:type\" content=\"article\" \/>\n<meta property=\"og:title\" content=\"Urne cin\u00e9raire Solaris Pourpre en porcelaine de Limoges\" \/>\n<meta property=\"og:description\" content=\"Un design \u00e9l\u00e9gant, apaisant et intemporel, pour celles et ceux qui ont perdu un \u00eatre cher. Un bel hommage \u00e0 la personne disparue.\" \/>\n<meta property=\"og:site_name\" content=\"Meminis\" \/>\n<meta property=\"article:modified_time\" content=\"2020-10-21T16:40:11+00:00\" \/>\n<meta name=\"twitter:card\" content=\"summary_large_image\" \/>\n<meta name=\"twitter:label1\" content=\"Dur\u00e9e de lecture est.\">\n\t<meta name=\"twitter:data1\" content=\"1 minute\">\n<script type=\"application\/ld+json\" class=\"yoast-schema-graph\">{\"@context\":\"https:\/\/schema.org\",\"@graph\":[{\"@type\":\"WebSite\",\"@id\":\"https:\/\/meminis.com\/#website\",\"url\":\"https:\/\/meminis.com\/\",\"name\":\"Meminis\",\"description\":\"Urnes fun\\u00e9raires\",\"potentialAction\":[{\"@type\":\"SearchAction\",\"target\":\"https:\/\/meminis.com\/?s={search_term_string}\",\"query-input\":\"required name=search_term_string\"}],\"inLanguage\":\"fr-FR\"},{\"@type\":\"ImageObject\",\"@id\":\"#primaryimage\",\"inLanguage\":\"fr-FR\",\"url\":\"https:\/\/meminis.com\/wp-content\/uploads\/2020\/10\/solaris-pourpre-U00065.jpg\",\"width\":1000,\"height\":1000,\"caption\":\"urne funeraire cendre\"},{\"@type\":\"WebPage\",\"@id\":\"#webpage\",\"url\":null,\"name\":\"Urne cin\\u00e9raire Solaris Pourpre en porcelaine de Limoges\",\"isPartOf\":{\"@id\":\"https:\/\/meminis.com\/#website\"},\"primaryImageOfPage\":{\"@id\":\"#primaryimage\"},\"datePublished\":\"2020-07-16T17:27:16+00:00\",\"dateModified\":\"2020-10-21T16:40:11+00:00\",\"description\":\"Un design \\u00e9l\\u00e9gant, apaisant et intemporel, pour celles et ceux qui ont perdu un \\u00eatre cher. Un bel hommage \\u00e0 la personne disparue.\",\"inLanguage\":\"fr-FR\",\"potentialAction\":[{\"@type\":\"ReadAction\",\"target\":[null]}]}]}<\/script>\n<!-- \/ Yoast SEO plugin. -->","_links":{"self":[{"href":"https:\/\/meminis.com\/fr\/wp-json\/wp\/v2\/product\/1172"}],"collection":[{"href":"https:\/\/meminis.com\/fr\/wp-json\/wp\/v2\/product"}],"about":[{"href":"https:\/\/meminis.com\/fr\/wp-json\/wp\/v2\/types\/product"}],"replies":[{"embeddable":true,"href":"https:\/\/meminis.com\/fr\/wp-json\/wp\/v2\/comments?post=1172"}],"wp:featuredmedia":[{"embeddable":true,"href":"https:\/\/meminis.com\/fr\/wp-json\/wp\/v2\/media\/3943"}],"wp:attachment":[{"href":"https:\/\/meminis.com\/fr\/wp-json\/wp\/v2\/media?parent=1172"}],"curies":[{"name":"wp","href":"https:\/\/api.w.org\/{rel}","templated":true}]}}