{"id":1167,"date":"2020-10-04T16:46:12","date_gmt":"2020-07-16T17:27:11","guid":{"rendered":"https:\/\/meminis.com\/product\/solaris-blanc-mat\/"},"modified":"2020-10-21T16:40:11","modified_gmt":"2020-10-21T16:40:11","slug":"urne-funeraire-solaris-blanc-mat","status":"publish","type":"product","link":"https:\/\/meminis.com\/fr\/product\/urne-funeraire-solaris-blanc-mat\/","title":{"rendered":"Urne fun\u00e9raire Solaris Blanc Mat en porcelaine de Limoges"},"content":{"rendered":"<p>L\u2019urne fun\u00e9raire  Solaris Blanc Mat est accompagn\u00e9e d\u2019un fermoir en m\u00e9tal et d\u2019un m\u00e9daillon dor\u00e9 \u00e0 l\u2019or fin ou argent, symbole du lien \u00e9ternel avec le disparu. Ce m\u00e9daillon pourra \u00eatre d\u00e9pos\u00e9 sur le fermoir dans une loge pr\u00e9vue \u00e0 cet effet ou conserv\u00e9 comme objet de m\u00e9moire. <\/p>\n<p>. Cette urne mortuaire peut \u00eatre d\u00e9pos\u00e9e dans un endroit chez vous ou dans le columbarium d\u2019un cimeti\u00e8re.<br \/>\n. Urne aux formes \u00e9pur\u00e9es en porcelaine de Limoges, r\u00e9alis\u00e9e et peaufin\u00e9e \u00e0 la main par un artisan talentueux, en France. Nos produits font l\u2019objet de toutes les attentions et du m\u00eame amour.<br \/>\n. L\u2019urne fun\u00e9raire Solaris dispose d\u2019un syst\u00e8me de fermeture qui accueille un m\u00e9daillon comportant diff\u00e9rents graphismes, dor\u00e9 \u00e0 l\u2019or fin ou argent.<br \/>\n. Le m\u00e9daillon: port\u00e9 au bout d\u2019une cha\u00eenette, il est le lien de m\u00e9moire physique avec la personne disparue. Portez avec vous un \u00eatre cher r\u00e9cemment disparu gr\u00e2ce \u00e0 ce joli pendentif. Sa couleur sobre et \u00e9l\u00e9gante vous permettra de le porter en tout temps. Ce pendentif peut aussi bien \u00eatre port\u00e9 par une femme que par un homme. Il peut par ailleurs rester incrust\u00e9 au sein de l&rsquo;urne.<br \/>\n. Ce m\u00e9daillon pourra \u00eatre grav\u00e9 sur demande.<br \/>\n. Le blanc, synth\u00e8se de toutes les couleurs, a  une place particuli\u00e8re dans le symbolisme des couleurs. Il \u00e9voque la puret\u00e9, et est souventi associ\u00e9 aux anges et \u00e0 la religion dans un sens plus large.<br \/>\n. Capacit\u00e9 4 L, dimensions L250*L250*H150 mmm<\/p>\n<p>Avec l\u2019urne fun\u00e9raire Solaris, donnez du sens, cultivez la m\u00e9moire de l\u2019\u00eatre cher disparu, tout en restant fid\u00e8le \u00e0 ses valeurs. <\/p>\n<p>Meminis vous propose une livraison gratuite \u00e0 domicile, ou tout autre lieu \u00e0 votre convenance, en France.<br \/>\nTous nos produits sont livr\u00e9s par un transporteur sp\u00e9cialis\u00e9. Que ce soit pour nos reliquaires, nos urnes, ou autres accessoires, nous les emballons avec soin dans des cartons renforc\u00e9s.<\/p>\n","protected":false},"excerpt":{"rendered":"<p>L\u2019urne Solaris Blanc Mat comme souvenir ultime de l\u2019\u00eatre cher.  Apr\u00e8s la cr\u00e9mation, vous pouvez d\u00e9poser l\u2019urne dans un endroit privil\u00e9gi\u00e9 chez vous, ou dans le columbarium d\u2019un cr\u00e9matoire ou d\u2019un cim\u00e9ti\u00e8re. Une belle urne en porcelaine de Limoges qui aidera \u00e0 perp\u00e9tuer le souvenir d\u2019un \u00eatre cher.<br \/>\nACHETER L\u2019URNE ET LE MEDAILLON:<\/p>\n","protected":false},"featured_media":1788,"comment_status":"closed","ping_status":"closed","template":"","meta":[],"yoast_head":"<!-- This site is optimized with the Yoast SEO plugin v15.6.2 - https:\/\/yoast.com\/wordpress\/plugins\/seo\/ -->\n<title>Urne mortuaire Solaris Blanc Mat en porcelaine de Limoges<\/title>\n<meta name=\"description\" content=\"Un design \u00e9l\u00e9gant, apaisant et intemporel, pour celles et ceux qui ont perdu un \u00eatre cher. Un bel hommage \u00e0 la personne disparue.\" \/>\n<meta name=\"robots\" content=\"index, follow, max-snippet:-1, max-image-preview:large, max-video-preview:-1\" \/>\n<link rel=\"canonical\" href=\"\/\" \/>\n<meta property=\"og:locale\" content=\"fr_FR\" \/>\n<meta property=\"og:type\" content=\"article\" \/>\n<meta property=\"og:title\" content=\"Urne mortuaire Solaris Blanc Mat en porcelaine de Limoges\" \/>\n<meta property=\"og:description\" content=\"Un design \u00e9l\u00e9gant, apaisant et intemporel, pour celles et ceux qui ont perdu un \u00eatre cher. Un bel hommage \u00e0 la personne disparue.\" \/>\n<meta property=\"og:site_name\" content=\"Meminis\" \/>\n<meta property=\"article:modified_time\" content=\"2020-10-21T16:40:11+00:00\" \/>\n<meta name=\"twitter:card\" content=\"summary_large_image\" \/>\n<meta name=\"twitter:label1\" content=\"Dur\u00e9e de lecture est.\">\n\t<meta name=\"twitter:data1\" content=\"2 minutes\">\n<script type=\"application\/ld+json\" class=\"yoast-schema-graph\">{\"@context\":\"https:\/\/schema.org\",\"@graph\":[{\"@type\":\"WebSite\",\"@id\":\"https:\/\/meminis.com\/#website\",\"url\":\"https:\/\/meminis.com\/\",\"name\":\"Meminis\",\"description\":\"Urnes fun\\u00e9raires\",\"potentialAction\":[{\"@type\":\"SearchAction\",\"target\":\"https:\/\/meminis.com\/?s={search_term_string}\",\"query-input\":\"required name=search_term_string\"}],\"inLanguage\":\"fr-FR\"},{\"@type\":\"ImageObject\",\"@id\":\"#primaryimage\",\"inLanguage\":\"fr-FR\",\"url\":\"https:\/\/meminis.com\/wp-content\/uploads\/2020\/09\/solaris-blanc-mat1-U00052.jpg\",\"width\":1000,\"height\":1000,\"caption\":\"funeral urns\"},{\"@type\":\"WebPage\",\"@id\":\"#webpage\",\"url\":null,\"name\":\"Urne mortuaire Solaris Blanc Mat en porcelaine de Limoges\",\"isPartOf\":{\"@id\":\"https:\/\/meminis.com\/#website\"},\"primaryImageOfPage\":{\"@id\":\"#primaryimage\"},\"datePublished\":\"2020-07-16T17:27:11+00:00\",\"dateModified\":\"2020-10-21T16:40:11+00:00\",\"description\":\"Un design \\u00e9l\\u00e9gant, apaisant et intemporel, pour celles et ceux qui ont perdu un \\u00eatre cher. Un bel hommage \\u00e0 la personne disparue.\",\"inLanguage\":\"fr-FR\",\"potentialAction\":[{\"@type\":\"ReadAction\",\"target\":[null]}]}]}<\/script>\n<!-- \/ Yoast SEO plugin. -->","_links":{"self":[{"href":"https:\/\/meminis.com\/fr\/wp-json\/wp\/v2\/product\/1167"}],"collection":[{"href":"https:\/\/meminis.com\/fr\/wp-json\/wp\/v2\/product"}],"about":[{"href":"https:\/\/meminis.com\/fr\/wp-json\/wp\/v2\/types\/product"}],"replies":[{"embeddable":true,"href":"https:\/\/meminis.com\/fr\/wp-json\/wp\/v2\/comments?post=1167"}],"wp:featuredmedia":[{"embeddable":true,"href":"https:\/\/meminis.com\/fr\/wp-json\/wp\/v2\/media\/1788"}],"wp:attachment":[{"href":"https:\/\/meminis.com\/fr\/wp-json\/wp\/v2\/media?parent=1167"}],"curies":[{"name":"wp","href":"https:\/\/api.w.org\/{rel}","templated":true}]}}