{"id":1843,"date":"2015-03-03T02:10:34","date_gmt":"2015-03-03T02:10:34","guid":{"rendered":"https:\/\/meminis.com\/about\/"},"modified":"2020-10-03T11:16:58","modified_gmt":"2020-10-03T11:16:58","slug":"a-propos","status":"publish","type":"page","link":"https:\/\/meminis.com\/fr\/a-propos\/","title":{"rendered":"A propos de Meminis"},"content":{"rendered":"<div id='av_section_1'  class='avia-section main_color avia-section-small avia-no-border-styling  av-section-color-overlay-active avia-bg-style-parallax  avia-builder-el-0  el_before_av_layout_row  avia-builder-el-first   av-minimum-height av-minimum-height-custom  container_wrap sidebar_right' style=' '  ><div class='av-section-color-overlay-wrap'><div class='av-section-color-overlay' style='opacity: 0.7; background-color: #6786a1; '><\/div><div class='container' style='height:120px'><main  role=\"main\" itemprop=\"mainContentOfPage\"  class='template-page content  av-content-small alpha units'><div class='post-entry post-entry-type-page post-entry-1843'><div class='entry-content-wrapper clearfix'>\n<div  style='padding-bottom:10px; color:#ffffff;font-size:30px;' class='av-special-heading av-special-heading-h1 custom-color-heading blockquote modern-quote modern-centered  avia-builder-el-1  avia-builder-el-no-sibling  av-inherit-size '><h1 class='av-special-heading-tag '  itemprop=\"headline\"  >A propos de Meminis<\/h1><div class='special-heading-border'><div class='special-heading-inner-border' style='border-color:#ffffff'><\/div><\/div><\/div>\n\n<\/div><\/div><\/main><!-- close content main element --><\/div><\/div><\/div><div id='av-layout-grid-1'  class='av-layout-grid-container entry-content-wrapper main_color av-flex-cells     avia-builder-el-2  el_after_av_section  el_before_av_layout_row  submenu-not-first container_wrap sidebar_right' style=' '  >\n<div class=\"flex_cell no_margin av_one_half  avia-builder-el-3  el_before_av_cell_one_half  avia-builder-el-first   \"  style='height:600px; min-height:600px;vertical-align:middle; padding:150px; background-color:#ffffff; ' ><div class='flex_cell_inner' ><p><div  style='padding-bottom:10px; font-size:30px;' class='av-special-heading av-special-heading-h3  blockquote modern-quote  avia-builder-el-4  el_before_av_hr  avia-builder-el-first  av-inherit-size '><h3 class='av-special-heading-tag '  itemprop=\"headline\"  >L\u2019esprit cr\u00e9atif 100 % \u00ab\u00a0made in France\u00a0\u00bb<\/h3><div class='special-heading-border'><div class='special-heading-inner-border' ><\/div><\/div><\/div><br \/>\n<div  style=' margin-top:30px; margin-bottom:30px;'  class='hr hr-custom hr-left hr-icon-no   avia-builder-el-5  el_after_av_heading  el_before_av_textblock '><span class='hr-inner  inner-border-av-border-fat' style=' width:50px;' ><span class='hr-inner-style'><\/span><\/span><\/div><br \/>\n<section class=\"av_textblock_section \"  itemscope=\"itemscope\" itemtype=\"https:\/\/schema.org\/CreativeWork\" ><div class='avia_textblock  '   itemprop=\"text\" ><p>M\u00e9minis, verbe latin que l\u2019on peut traduire par \u00ab\u00a0ne pas oublier\u00a0\u00bb ou \u00ab\u00a0se souvenir de\u00a0\u00bb ou encore \u00ab\u00a0avoir pr\u00e9sent \u00e0 l\u2019esprit\u00a0\u00bb, r\u00e9sume parfaitement la volont\u00e9 de ses cr\u00e9ateurs. \u00ab\u00a0Rendre hommage \u00e0 la personne disparue en cr\u00e9ant un lien m\u00e9moriel avec l\u2019invisible, une inspiration sensible qui fixe de nouveaux codes et augure d\u2019une port\u00e9e symbolique forte et p\u00e9renne<\/p>\n<p>M\u00e9minis a fait le constat que les urnes fun\u00e9raires existant sont un peu toutes les m\u00eames. La d\u00e9marche de M\u00e9minis est radicalement diff\u00e9rente de ce qui existe sur le march\u00e9. Il s\u2019agit, avant tout, de concevoir et r\u00e9aliser des produits originaux 100\u00a0% made in France.<\/p>\n<p>Tirant partie du \u00a0potentiel cr\u00e9atif exceptionnel existant dans l\u2019hexagone, de ses artisans de g\u00e9nie, M\u00e9minis propose une gammes d\u2019urnes fun\u00e9raires, reliquaires et accessoires pens\u00e9s et con\u00e7us avec respect et un sens de l\u2019esth\u00e9tique, pour rendre \u00a0le plus bel hommage \u00e0 l\u2019\u00eatre cher disparu.<\/p>\n<\/div><\/section><\/p>\n<\/div><\/div><div class=\"flex_cell no_margin av_one_half  avia-builder-el-7  el_after_av_cell_one_half  avia-builder-el-last   avia-full-stretch \"  style='height:600px; min-height:600px;background:url(https:\/\/meminis.com\/wp-content\/uploads\/2020\/09\/3-Photo-d\u00e9tail-int\u00e9rieur-495x400.jpg) center center no-repeat scroll; vertical-align:top; padding:50px; ' ><div class='flex_cell_inner' ><\/div><\/div>\n<\/div>\n<div id='av-layout-grid-2'  class='av-layout-grid-container entry-content-wrapper main_color av-flex-cells     avia-builder-el-8  el_after_av_layout_row  el_before_av_layout_row  submenu-not-first container_wrap sidebar_right' style=' '  >\n<div class=\"flex_cell no_margin av_one_half  avia-builder-el-9  el_before_av_cell_one_half  avia-builder-el-first   avia-full-stretch \"  style='height:600px; min-height:600px;background:url(https:\/\/meminis.com\/wp-content\/uploads\/2020\/09\/8-Photo-d\u00e9tail-int\u00e9rieur-495x400.jpg) center left no-repeat scroll; vertical-align:middle; padding:50px; ' ><div class='flex_cell_inner' ><\/div><\/div><div class=\"flex_cell no_margin av_one_half  avia-builder-el-10  el_after_av_cell_one_half  avia-builder-el-last   \"  style='height:600px; min-height:600px;vertical-align:middle; padding:150px; ' ><div class='flex_cell_inner' ><p><div  style='padding-bottom:10px; font-size:30px;' class='av-special-heading av-special-heading-h3  blockquote modern-quote  avia-builder-el-11  el_before_av_hr  avia-builder-el-first  av-inherit-size '><h3 class='av-special-heading-tag '  itemprop=\"headline\"  >L\u2019art fun\u00e9raire, raison d\u2019\u00eatre de Meminis<\/h3><div class='special-heading-border'><div class='special-heading-inner-border' ><\/div><\/div><\/div><br \/>\n<div  style=' margin-top:30px; margin-bottom:30px;'  class='hr hr-custom hr-left hr-icon-no   avia-builder-el-12  el_after_av_heading  el_before_av_textblock '><span class='hr-inner  inner-border-av-border-fat' style=' width:50px;' ><span class='hr-inner-style'><\/span><\/span><\/div><br \/>\n<section class=\"av_textblock_section \"  itemscope=\"itemscope\" itemtype=\"https:\/\/schema.org\/CreativeWork\" ><div class='avia_textblock  '   itemprop=\"text\" ><p>L\u2019art a longtemps \u00e9t\u00e9 essentiellement religieux et sacr\u00e9. L\u2019esth\u00e9tisme de l\u2019objet fun\u00e9raire repr\u00e9sente un hommage au disparu et \u00e0 sa m\u00e9moire, tout en exprimant une forme de transcendance propre \u00e0 l\u2019art.<\/p>\n<p>L\u2019objet fun\u00e9raire a une forte charge symbolique, une symbolique religieuse ou langage visuel exprimant un lien avec l\u2019au-del\u00e0. L\u2019objet fun\u00e9raire permet le travail de m\u00e9moire, d\u2019accompagner les familles dans le rituel.<\/p>\n<p>Une \u00e9tude r\u00e9alis\u00e9e par Meminis et OpinonWay il y a peu montrait que la perception de l\u2019offre actuelle est tr\u00e8s pauvre : environ 90 % des sond\u00e9s d\u00e9clarent que l\u2019offre actuelle en mati\u00e8re d\u2019objets fun\u00e9raires ne r\u00e9pond pas \u00e0 leurs attentes.<\/p>\n<\/div><\/section><\/p>\n<\/div><\/div>\n<\/div>\n<div id='av-layout-grid-3'  class='av-layout-grid-container entry-content-wrapper main_color av-flex-cells     avia-builder-el-14  el_after_av_layout_row  avia-builder-el-last  submenu-not-first container_wrap sidebar_right' style=' '  >\n<div class=\"flex_cell no_margin av_one_half  avia-builder-el-15  el_before_av_cell_one_half  avia-builder-el-first   \"  style='height:600px; min-height:600px;vertical-align:middle; padding:150px; background-color:#6786a1; ' ><div class='flex_cell_inner' ><p><div  style='padding-bottom:10px; color:#ffffff;font-size:30px;' class='av-special-heading av-special-heading-h3 custom-color-heading blockquote modern-quote  avia-builder-el-16  el_before_av_hr  avia-builder-el-first  av-inherit-size '><h3 class='av-special-heading-tag '  itemprop=\"headline\"  >L\u2019\u00e9quipe de Meminis<\/h3><div class='special-heading-border'><div class='special-heading-inner-border' style='border-color:#ffffff'><\/div><\/div><\/div><br \/>\n<div  style=' margin-top:30px; margin-bottom:30px;'  class='hr hr-custom hr-left hr-icon-no   avia-builder-el-17  el_after_av_heading  el_before_av_textblock '><span class='hr-inner  inner-border-av-border-fat' style=' width:50px; border-color:#ffffff;' ><span class='hr-inner-style'><\/span><\/span><\/div><br \/>\n<section class=\"av_textblock_section \"  itemscope=\"itemscope\" itemtype=\"https:\/\/schema.org\/CreativeWork\" ><div class='avia_textblock  av_inherit_color '  style='color:#ffffff; '  itemprop=\"text\" ><p>L\u2019\u00e9quipe de Meminis, c\u2019est avant tout un amour du travail bien fait mill\u00e9naire, et des traditions artisanales dans le sens noble du terme.<\/p>\n<p>Au sein de l\u2019\u00e9quipe de M\u00e9minis, deux fr\u00e8res, l\u2019un entrepreneur \u00e0 l\u2019origine du projet, Vilvan, et l\u2019autre fr\u00e8re, Matthieu, a longtemps exerc\u00e9 au sein d\u2019une maison parisienne de haute couture c\u00e9l\u00e8bre, comme Designer. Il a acquis au cours \u00a0de cette exp\u00e9rience un \u00a0go\u00fbt immod\u00e9r\u00e9 pour l\u2019exigence et l\u2019 esprit d\u2019excellence qui caract\u00e9rise le monde de la haute couture, et une approche esth\u00e9tique que l\u2019on retrouve dans la gamme de M\u00e9minis.<\/p>\n<p>Trouver les meilleurs pour r\u00e9aliser le meilleur. De l\u2019urne aux formes \u00e9pur\u00e9es en porcelaine de Limoges, r\u00e9alis\u00e9e et peaufin\u00e9e \u00e0 la main par un artisan talentueux, au syst\u00e8me de fermeture m\u00e9tallique \u00e9labor\u00e9 en \u00cele-de-France, pour finir par le patinage et l\u2019assemblage de la pi\u00e8ce assur\u00e9s en r\u00e9gion lyonnaise, nos produits font l\u2019objet de toutes les attentions et du m\u00eame amour.<\/p>\n<p>M\u00e9minis r\u00e9alise ce tour de force en restant \u00e9conomiquement attractif et en proposant des r\u00e9ponses r\u00e9ellement attrayantes, avec l\u2019ambition de proposer des urnes esth\u00e9tiques et de grande qualit\u00e9, r\u00e9alis\u00e9es de fa\u00e7on artisanale, \u00a0et dont \u00a0le cout est inf\u00e9rieur \u00e0 certains produits r\u00e9alis\u00e9s \u00a0en grande s\u00e9rie.<\/p>\n<\/div><\/section><\/p>\n<\/div><\/div><div class=\"flex_cell no_margin av_one_half  avia-builder-el-19  el_after_av_cell_one_half  avia-builder-el-last   avia-full-stretch \"  style='height:600px; min-height:600px;background:url(https:\/\/meminis.com\/wp-content\/uploads\/2020\/09\/2-Photo-d\u00e9tail-int\u00e9rieur.jpg) center center no-repeat scroll; vertical-align:top; padding:50px; ' ><div class='flex_cell_inner' ><\/div><\/div><\/div>\n","protected":false},"excerpt":{"rendered":"","protected":false},"author":1,"featured_media":0,"parent":0,"menu_order":0,"comment_status":"open","ping_status":"open","template":"","meta":[],"yoast_head":"<!-- This site is optimized with the Yoast SEO plugin v15.6.2 - https:\/\/yoast.com\/wordpress\/plugins\/seo\/ -->\n<title>A propos de Meminis - Meminis<\/title>\n<meta name=\"robots\" content=\"index, follow, max-snippet:-1, max-image-preview:large, max-video-preview:-1\" \/>\n<link rel=\"canonical\" href=\"\/\" \/>\n<meta property=\"og:locale\" content=\"fr_FR\" \/>\n<meta property=\"og:type\" content=\"article\" \/>\n<meta property=\"og:title\" content=\"A propos de Meminis - Meminis\" \/>\n<meta property=\"og:site_name\" content=\"Meminis\" \/>\n<meta property=\"article:modified_time\" content=\"2020-10-03T11:16:58+00:00\" \/>\n<meta name=\"twitter:card\" content=\"summary_large_image\" \/>\n<meta name=\"twitter:label1\" content=\"Dur\u00e9e de lecture est.\">\n\t<meta name=\"twitter:data1\" content=\"8 minutes\">\n<script type=\"application\/ld+json\" class=\"yoast-schema-graph\">{\"@context\":\"https:\/\/schema.org\",\"@graph\":[{\"@type\":\"WebSite\",\"@id\":\"https:\/\/meminis.com\/#website\",\"url\":\"https:\/\/meminis.com\/\",\"name\":\"Meminis\",\"description\":\"Urnes fun\\u00e9raires\",\"potentialAction\":[{\"@type\":\"SearchAction\",\"target\":\"https:\/\/meminis.com\/?s={search_term_string}\",\"query-input\":\"required name=search_term_string\"}],\"inLanguage\":\"fr-FR\"},{\"@type\":\"WebPage\",\"@id\":\"#webpage\",\"url\":null,\"name\":\"A propos de Meminis - Meminis\",\"isPartOf\":{\"@id\":\"https:\/\/meminis.com\/#website\"},\"datePublished\":\"2015-03-03T02:10:34+00:00\",\"dateModified\":\"2020-10-03T11:16:58+00:00\",\"inLanguage\":\"fr-FR\",\"potentialAction\":[{\"@type\":\"ReadAction\",\"target\":[null]}]}]}<\/script>\n<!-- \/ Yoast SEO plugin. -->","_links":{"self":[{"href":"https:\/\/meminis.com\/fr\/wp-json\/wp\/v2\/pages\/1843"}],"collection":[{"href":"https:\/\/meminis.com\/fr\/wp-json\/wp\/v2\/pages"}],"about":[{"href":"https:\/\/meminis.com\/fr\/wp-json\/wp\/v2\/types\/page"}],"author":[{"embeddable":true,"href":"https:\/\/meminis.com\/fr\/wp-json\/wp\/v2\/users\/1"}],"replies":[{"embeddable":true,"href":"https:\/\/meminis.com\/fr\/wp-json\/wp\/v2\/comments?post=1843"}],"version-history":[{"count":7,"href":"https:\/\/meminis.com\/fr\/wp-json\/wp\/v2\/pages\/1843\/revisions"}],"predecessor-version":[{"id":3707,"href":"https:\/\/meminis.com\/fr\/wp-json\/wp\/v2\/pages\/1843\/revisions\/3707"}],"wp:attachment":[{"href":"https:\/\/meminis.com\/fr\/wp-json\/wp\/v2\/media?parent=1843"}],"curies":[{"name":"wp","href":"https:\/\/api.w.org\/{rel}","templated":true}]}}