{"id":1836,"date":"2019-11-18T06:42:06","date_gmt":"2019-11-18T06:42:06","guid":{"rendered":"https:\/\/meminis.com\/sample-page\/"},"modified":"2020-09-22T15:38:01","modified_gmt":"2020-09-22T15:38:01","slug":"faq","status":"publish","type":"page","link":"https:\/\/meminis.com\/fr\/faq\/","title":{"rendered":"FAQ &#8211; Questions fr\u00e9quentes sur les urnes fun\u00e9raires"},"content":{"rendered":"<div id='av_section_1'  class='avia-section main_color avia-section-small avia-no-border-styling  av-section-color-overlay-active avia-bg-style-parallax  avia-builder-el-0  el_before_av_textblock  avia-builder-el-first   av-minimum-height av-minimum-height-custom  container_wrap sidebar_right' style=' '  ><div class='av-section-color-overlay-wrap'><div class='av-section-color-overlay' style='opacity: 0.7; background-color: #6786a1; '><\/div><div class='container' style='height:120px'><main  role=\"main\" itemprop=\"mainContentOfPage\"  class='template-page content  av-content-small alpha units'><div class='post-entry post-entry-type-page post-entry-1836'><div class='entry-content-wrapper clearfix'>\n<div  style='padding-bottom:10px; color:#ffffff;font-size:30px;' class='av-special-heading av-special-heading-h1 custom-color-heading blockquote modern-quote modern-centered  avia-builder-el-1  avia-builder-el-no-sibling  av-inherit-size '><h1 class='av-special-heading-tag '  itemprop=\"headline\"  >FAQ &#8211; Questions fr\u00e9quentes sur les urnes fun\u00e9raires<\/h1><div class='special-heading-border'><div class='special-heading-inner-border' style='border-color:#ffffff'><\/div><\/div><\/div>\n<\/div><\/div><\/main><!-- close content main element --><\/div><\/div><\/div><div id='after_section_1'  class='main_color av_default_container_wrap container_wrap sidebar_right' style=' '  ><div class='container' ><div class='template-page content  av-content-small alpha units'><div class='post-entry post-entry-type-page post-entry-1836'><div class='entry-content-wrapper clearfix'><section class=\"av_textblock_section \"  itemscope=\"itemscope\" itemtype=\"https:\/\/schema.org\/CreativeWork\" ><div class='avia_textblock  '   itemprop=\"text\" ><p>Nous tentons ici de r\u00e9pondre \u00e0 toutes les questions que vous vous posez sur les urnes fun\u00e9raires. Si vous avez d&rsquo;autres questions, n\u00b4h\u00e9sitez pas \u00e0 nous consulter \u00e0 ce sujet.<\/p>\n<\/div><\/section><\/p>\n<section class=\"av_textblock_section \"  itemscope=\"itemscope\" itemtype=\"https:\/\/schema.org\/CreativeWork\" ><div class='avia_textblock  '   itemprop=\"text\" ><h2><strong>Qu&rsquo;est-ce qu&rsquo;une urne fun\u00e9raire et \u00e0 quoi sert-elle ?<\/strong><\/h2>\n<p>Appel\u00e9e urne fun\u00e9raire ou urne cin\u00e9raire, l&rsquo;urne est en r\u00e9alit\u00e9 un vase ferm\u00e9 dans lequel les cendres d&rsquo;un d\u00e9funt sont conserv\u00e9es apr\u00e8s la cr\u00e9mation. Elle peut \u00eatre en marbre, bronze, pierre, alb\u00e2tre, c\u00e9ramique ou m\u00eame en mat\u00e9riaux biod\u00e9gradables comme le carton.<\/p>\n<h3><strong>Les cendres et l&rsquo;urne fun\u00e9raire<\/strong><\/h3>\n<p>L&rsquo;urne fun\u00e9raire a sa propre l\u00e9gislation en France concernant aussi bien sa fabrication, son usage que son d\u00e9p\u00f4t. Ainsi, l&rsquo;amalgame est souvent r\u00e9alis\u00e9 mais une urne fun\u00e9raire se distingue bel et bien d&rsquo;un reliquaire. Ce dernier ne peut accueillir qu&rsquo;une partie des cendres du d\u00e9funt alors qu&rsquo;une urne fun\u00e9raire contient toutes les cendres de la personne disparue. Toutefois, du point de vue l\u00e9gislatif, cette diff\u00e9rence de vocabulaire n&rsquo;est pas faite. Il est dans le devoir des entreprises de Pompes Fun\u00e8bres de remettre aux proches les cendres du d\u00e9funt dans leur totalit\u00e9. Et ce dans un seul et m\u00eame contenant. De ce fait, le d\u00e9p\u00f4t ou la dispersion des cendres ne peuvent \u00eatre effectu\u00e9s qu&rsquo;\u00e0 un seul et m\u00eame endroit.<\/p>\n<p>A savoir que les cendres ne sont pas d\u00e9pos\u00e9es directement au contact des parois de l&rsquo;urne. A l&rsquo;int\u00e9rieur de l&rsquo;urne dite\u00a0<em>d\u00e9corative<\/em>, se trouve un\u00a0<em>cendrier<\/em>\u00a0qui est scell\u00e9 dans l&rsquo;urne.<\/p>\n<h2>En quoi consiste la cr\u00e9mation?<\/h2>\n<p>La cr\u00e9mation est un proc\u00e9d\u00e9 par lequel le corps est incin\u00e9r\u00e9 pour \u00eatre r\u00e9duit en cendres \u00e0 temp\u00e9rature \u00e9lev\u00e9e. Le corps est plac\u00e9 dans un cercueil ou un contenant et celui-ci ins\u00e9r\u00e9 dans un appareil de cr\u00e9mation pr\u00e9chauff\u00e9 1200 degr\u00e9s Celsius. La cr\u00e9mation peut durer de 2 heures \u00e0 2 heures et demie. \u00c0 l\u2019issue de la cr\u00e9mation, il reste des fragments d\u2019os (restes incin\u00e9r\u00e9s) qui sont transform\u00e9s en cendres, puis refroidis pour \u00eatre ensuite pulv\u00e9ris\u00e9s en une fine poudre. Ces restes sont plac\u00e9s dans l\u2019urne fun\u00e9raire achet\u00e9e par la famille. La dur\u00e9e totale de ce processus est d\u2019environ 3 heures.<\/p>\n<h2>Pouvez-vous transporter une urne fun\u00e9raire?<\/h2>\n<p>Vous pouvez transporter une urne fun\u00e9raire en cabine ou en soute.<\/p>\n<ul>\n<li>En cabine<\/li>\n<\/ul>\n<p>Les dimensions maximales sont celles des bagages de cabine\u00a0: 55\u00a0cm x\u00a035\u00a0cm x\u00a025\u00a0cm.<\/p>\n<ul>\n<li>En cabine et en soute<br \/>\n&#8211;\u00a0L&rsquo;urne doit \u00eatre scell\u00e9e et conditionn\u00e9e dans un contenant ne permettant pas aux autres passagers de l&rsquo;identifier comme telle.<br \/>\n&#8211;\u00a0Vous devez \u00eatre en possession d&rsquo;un certificat du cr\u00e9matorium, afin d&rsquo;\u00e9viter l&rsquo;ouverture de l&rsquo;urne par les services de s\u00fbret\u00e9.<\/li>\n<\/ul>\n<p>Aucune autorisation n&rsquo;est requise pour le transport d&rsquo;une urne en France m\u00e9tropolitaine ni au d\u00e9part et \u00e0 destination de la France d&rsquo;outre-mer. Cependant, vous devez imp\u00e9rativement \u00eatre en possession d\u2019une autorisation de transport d\u00e9livr\u00e9e par le pr\u00e9fet du lieu de la cr\u00e9mation si vous voyagez en dehors de la France m\u00e9tropolitaine ou de la France d\u2019outre-mer.<\/p>\n<p>Pour les voyages internationaux, vous devez obligatoirement \u00eatre en possession d&rsquo;une autorisation de transport d\u00e9livr\u00e9e par les autorit\u00e9s locales ou le consulat fran\u00e7ais.<\/p>\n<h2>Est-il possible d&rsquo;assister \u00e0 la cr\u00e9mation?<\/h2>\n<p>Il est en effet possible pour les proches d\u2019assister \u00e0 la cr\u00e9mation.<\/p>\n<h2>Est-il n\u00e9cessaire de prendre des arrangements fun\u00e9raires, m\u00eame si la cr\u00e9mation est choisie?<\/h2>\n<p>L\u2019un des avantages de la cr\u00e9mation est qu\u2019elle permet beaucoup de flexibilit\u00e9 pour faire des arrangements fun\u00e9raires. La c\u00e9r\u00e9monie comm\u00e9morative peut \u00eatre tenue avant la cr\u00e9mation, avec l\u2019exposition du d\u00e9funt dans un cercueil, au moment de celle-ci ou apr\u00e8s, avec l\u2019urne pr\u00e9sente.<\/p>\n<h2>Doit-on acheter un cercueil si on d\u00e9cide d\u2019avoir la c\u00e9r\u00e9monie comm\u00e9morative avant l\u2019inhumation<\/h2>\n<p>La plupart des maisons fun\u00e9raires offrent la location d\u2019un cercueil. Des \u00ab cercueils-coquilles \u00bb sont maintenant offerts, dans lesquels un cercueil plus standard, avec tissus et rembourrage, est plac\u00e9. Ce cercueil standard, qui recevra la d\u00e9pouille, br\u00fblera avec le reste. Seul le \u00ab cercueil-coquille \u00bb est conserv\u00e9 et peut servir plusieurs fois.<\/p>\n<h2>Quels choix s\u2019offrent pour la disposition des cendres?<\/h2>\n<p>Vous pouvez choisir d\u2019inhumer une urne dans le sol : dans ce cas, une plaque de bronze ou un monument pourra servir \u00e0 en marquer l\u2019emplacement. Des columbariums sont aussi disponibles dans plusieurs cimeti\u00e8res : ceux-ci sont des emplacements compos\u00e9s de compartiments (niches), destin\u00e9s aux urnes. La cr\u00e9mation permet plusieurs options pour la disposition des cendres : l\u2019inhumation en terre, dans une niche, conserv\u00e9e par un membre de la famille ou plac\u00e9e dans un autre endroit, choisi par la personne d\u00e9c\u00e9d\u00e9e.<\/p>\n<h2><strong>Est-il possible de disposer des cendres autrement?<\/strong><\/h2>\n<p>Il est possible de faire disperser vos cendres dans un endroit significatif, tant que ce rituel est permis par les autorit\u00e9s locales. Il est toutefois pr\u00e9f\u00e9rable de discuter de cette option avec vos proches.<\/p>\n<h2>Est-il possible de garder les cendres \u00e0 la maison?<\/h2>\n<p>Bien s\u00fbr! Les urnes fun\u00e9raires sont disponibles dans un large \u00e9ventail de forme et de grandeurs, ainsi que de mat\u00e9riaux. Il est donc facile de conserver l\u2019urne de votre \u00eatre cher chez vous, si vous le pr\u00e9f\u00e9rez. Si la personne d\u00e9funte ou vous-m\u00eame n\u2019avez pas choisi de lieu d\u2019inhumation, et que vous voulez prendre le temps d\u2019y r\u00e9fl\u00e9chir, il est tout \u00e0 fait possible de conserver l\u2019urne.<\/p>\n<h2><strong>Les tailles de l&rsquo;urne fun\u00e9raire<\/strong><\/h2>\n<p>Pour le choix de l\u2019urne fun\u00e9raire , il faut se soucier de la contenance. Pour les urnes fun\u00e9raires\u00a0:<\/p>\n<ul>\n<li>0,5 litre pour les nouveau-n\u00e9s,<\/li>\n<li>2 litres pour les personnes \u00e0 moyenne corpulence,<\/li>\n<li>jusqu\u2019\u00e0 3,5 litres pour les personnes \u00e0 forte corpulence.<\/li>\n<\/ul>\n<p>Un sac cin\u00e9raire ignifug\u00e9 est plac\u00e9 \u00e0 l\u2019int\u00e9rieur de l\u2019urne fun\u00e9raire pour y contenir les restes. Une poche de transport est \u00e9galement de rigueur pour transporter en toute\u00a0discr\u00e9tion\u00a0l\u2019urne tout en la prot\u00e9geant. Si l\u2019urne fun\u00e9raire r\u00e9pond \u00e0 un cadre r\u00e9glementaire strict, l\u2019esth\u00e9tique est, quant \u00e0 elle, libre. L\u2019urne fun\u00e9raire peut donc \u00eatre en bois, r\u00e9sine, c\u00e9ramique, porcelaine, granit, m\u00e9tal, argile ou, plus r\u00e9cemment, en cellulose dans un souci \u00e9cologique. Suivant sa destination, elle devra \u00eatre biod\u00e9gradable (mer ou enterrement en pleine nature), ou non d\u00e9gradable si l\u2019urne fun\u00e9raire doit rejoindre une s\u00e9pulture.<\/p>\n<p>L\u2019esth\u00e9tique ne faisant pas l\u2019objet de contraintes particuli\u00e8res,\u00a0toutes les formes et mati\u00e8res sont possibles, et ce, \u00e0 tous les prix.<\/p>\n<h2><strong>La l\u00e9gislation pour les urnes fun\u00e9raires<\/strong><\/h2>\n<p>La l\u00e9gislation fun\u00e9raire est r\u00e9gie par plusieurs articles.<\/p>\n<p>Selon l\u2019article 2223-18-1, \u00e0 la suite de la cr\u00e9mation, les cendres sont recueillies dans une urne cin\u00e9raire munie ext\u00e9rieurement d\u2019une\u00a0plaque mentionnant l\u2019identit\u00e9\u00a0du d\u00e9funt ainsi que le nom du cr\u00e9matorium. Lors de l\u2019attente d\u2019une d\u00e9cision relative \u00e0 la destination des cendres, l\u2019urne peut \u00eatre conserv\u00e9e un an maximum au cr\u00e9matorium. Pass\u00e9 ce d\u00e9lai, et en l\u2019absence de d\u00e9cision de la personne ayant pourvu aux fun\u00e9railles, les cendres sont dispers\u00e9es dans l\u2019espace am\u00e9nag\u00e9 \u00e0 cet effet, la plupart du temps\u00a0<strong>un jardin du souvenir<\/strong>. \u00c0 noter que les proches du d\u00e9funt ne peuvent garder l\u2019urne fun\u00e9raire au domicile (loi du 19 d\u00e9cembre 2008).<\/p>\n<p>Si le choix se porte sur une dispersion dans la nature, l\u2019article 2223-18-3 stipule que la personne doit r\u00e9aliser une d\u00e9claration en mairie pr\u00e9cisant l\u2019identit\u00e9 de la personne d\u00e9c\u00e9d\u00e9e ainsi que la date et le lieu de dispersion des cendres de l\u2019urne fun\u00e9raire.<\/p>\n<\/div><\/section>\n","protected":false},"excerpt":{"rendered":"","protected":false},"author":1,"featured_media":0,"parent":0,"menu_order":0,"comment_status":"closed","ping_status":"open","template":"","meta":[],"yoast_head":"<!-- This site is optimized with the Yoast SEO plugin v15.6.2 - https:\/\/yoast.com\/wordpress\/plugins\/seo\/ -->\n<title>FAQ - Questions fr\u00e9quentes sur les urnes fun\u00e9raires - Meminis<\/title>\n<meta name=\"robots\" content=\"index, follow, max-snippet:-1, max-image-preview:large, max-video-preview:-1\" \/>\n<link rel=\"canonical\" href=\"\/\" \/>\n<meta property=\"og:locale\" content=\"fr_FR\" \/>\n<meta property=\"og:type\" content=\"article\" \/>\n<meta property=\"og:title\" content=\"FAQ - Questions fr\u00e9quentes sur les urnes fun\u00e9raires - Meminis\" \/>\n<meta property=\"og:site_name\" content=\"Meminis\" \/>\n<meta property=\"article:modified_time\" content=\"2020-09-22T15:38:01+00:00\" \/>\n<meta name=\"twitter:card\" content=\"summary_large_image\" \/>\n<meta name=\"twitter:label1\" content=\"Dur\u00e9e de lecture est.\">\n\t<meta name=\"twitter:data1\" content=\"8 minutes\">\n<script type=\"application\/ld+json\" class=\"yoast-schema-graph\">{\"@context\":\"https:\/\/schema.org\",\"@graph\":[{\"@type\":\"WebSite\",\"@id\":\"https:\/\/meminis.com\/#website\",\"url\":\"https:\/\/meminis.com\/\",\"name\":\"Meminis\",\"description\":\"Urnes fun\\u00e9raires\",\"potentialAction\":[{\"@type\":\"SearchAction\",\"target\":\"https:\/\/meminis.com\/?s={search_term_string}\",\"query-input\":\"required name=search_term_string\"}],\"inLanguage\":\"fr-FR\"},{\"@type\":\"WebPage\",\"@id\":\"#webpage\",\"url\":null,\"name\":\"FAQ - Questions fr\\u00e9quentes sur les urnes fun\\u00e9raires - Meminis\",\"isPartOf\":{\"@id\":\"https:\/\/meminis.com\/#website\"},\"datePublished\":\"2019-11-18T06:42:06+00:00\",\"dateModified\":\"2020-09-22T15:38:01+00:00\",\"inLanguage\":\"fr-FR\",\"potentialAction\":[{\"@type\":\"ReadAction\",\"target\":[null]}]}]}<\/script>\n<!-- \/ Yoast SEO plugin. -->","_links":{"self":[{"href":"https:\/\/meminis.com\/fr\/wp-json\/wp\/v2\/pages\/1836"}],"collection":[{"href":"https:\/\/meminis.com\/fr\/wp-json\/wp\/v2\/pages"}],"about":[{"href":"https:\/\/meminis.com\/fr\/wp-json\/wp\/v2\/types\/page"}],"author":[{"embeddable":true,"href":"https:\/\/meminis.com\/fr\/wp-json\/wp\/v2\/users\/1"}],"replies":[{"embeddable":true,"href":"https:\/\/meminis.com\/fr\/wp-json\/wp\/v2\/comments?post=1836"}],"version-history":[{"count":3,"href":"https:\/\/meminis.com\/fr\/wp-json\/wp\/v2\/pages\/1836\/revisions"}],"predecessor-version":[{"id":3388,"href":"https:\/\/meminis.com\/fr\/wp-json\/wp\/v2\/pages\/1836\/revisions\/3388"}],"wp:attachment":[{"href":"https:\/\/meminis.com\/fr\/wp-json\/wp\/v2\/media?parent=1836"}],"curies":[{"name":"wp","href":"https:\/\/api.w.org\/{rel}","templated":true}]}}