{"id":1835,"date":"2020-08-31T19:46:57","date_gmt":"2020-08-31T19:46:57","guid":{"rendered":"https:\/\/meminis.com\/le-savoir-faire-de-meminis\/"},"modified":"2020-10-05T17:22:26","modified_gmt":"2020-10-05T17:22:26","slug":"le-savoir-faire-de-meminis","status":"publish","type":"page","link":"https:\/\/meminis.com\/fr\/le-savoir-faire-de-meminis\/","title":{"rendered":"Le savoir faire de M\u00e9minis"},"content":{"rendered":"<div id='av_section_1'  class='avia-section main_color avia-section-small avia-no-border-styling  av-section-color-overlay-active avia-bg-style-parallax  avia-builder-el-0  el_before_av_layout_row  avia-builder-el-first   av-minimum-height av-minimum-height-custom  container_wrap sidebar_right' style=' '  ><div class='av-section-color-overlay-wrap'><div class='av-section-color-overlay' style='opacity: 0.7; background-color: #6786a1; '><\/div><div class='container' style='height:120px'><main  role=\"main\" itemprop=\"mainContentOfPage\"  class='template-page content  av-content-small alpha units'><div class='post-entry post-entry-type-page post-entry-1835'><div class='entry-content-wrapper clearfix'>\n<div  style='padding-bottom:10px; color:#ffffff;font-size:30px;' class='av-special-heading av-special-heading-h1 custom-color-heading blockquote modern-quote modern-centered  avia-builder-el-1  avia-builder-el-no-sibling  av-inherit-size '><h1 class='av-special-heading-tag '  itemprop=\"headline\"  >Le savoir faire de M\u00e9minis<\/h1><div class='special-heading-border'><div class='special-heading-inner-border' style='border-color:#ffffff'><\/div><\/div><\/div>\n\n<\/div><\/div><\/main><!-- close content main element --><\/div><\/div><\/div><div id='av-layout-grid-1'  class='av-layout-grid-container entry-content-wrapper main_color av-flex-cells     avia-builder-el-2  el_after_av_section  el_before_av_layout_row  submenu-not-first container_wrap sidebar_right' style=' '  >\n<div class=\"flex_cell no_margin av_one_half  avia-builder-el-3  el_before_av_cell_one_half  avia-builder-el-first   \"  style='height:600px; min-height:600px;vertical-align:middle; padding:150px; background-color:#ffffff; ' ><div class='flex_cell_inner' ><p><div  style='padding-bottom:10px; font-size:30px;' class='av-special-heading av-special-heading-h3  blockquote modern-quote  avia-builder-el-4  el_before_av_hr  avia-builder-el-first  av-inherit-size '><h3 class='av-special-heading-tag '  itemprop=\"headline\"  >Mat\u00e9riaux nobles et design contemporain pour rendre hommage aux disparus<\/h3><div class='special-heading-border'><div class='special-heading-inner-border' ><\/div><\/div><\/div><br \/>\n<div  style=' margin-top:30px; margin-bottom:30px;'  class='hr hr-custom hr-left hr-icon-no   avia-builder-el-5  el_after_av_heading  el_before_av_textblock '><span class='hr-inner  inner-border-av-border-fat' style=' width:50px;' ><span class='hr-inner-style'><\/span><\/span><\/div><br \/>\n<section class=\"av_textblock_section \"  itemscope=\"itemscope\" itemtype=\"https:\/\/schema.org\/CreativeWork\" ><div class='avia_textblock  '   itemprop=\"text\" ><p>M\u00e9minis se propose de revisiter de mani\u00e8re contemporaine, sobre et \u00e9l\u00e9gante l\u2019objet fun\u00e9raire tout en respectant les codes pr\u00e9existants.<\/p>\n<p>Qu\u2019il fasse r\u00e9f\u00e9rence \u00e0 des symboles religieux ou une iconographie la\u00efque, l\u2019objet fun\u00e9raire doit sugg\u00e9rer visuellement certains messages en rapport avec sa dimension spirituelle.<\/p>\n<p>L\u2019objet fun\u00e9raire doit permettre le \u00a0travail de m\u00e9moire. Gr\u00e2ce \u00e0 une innovation technologique, une \u00a0cl\u00e9-objet de m\u00e9moire est \u00a0propos\u00e9e sur toutes les urnes M\u00e9minis, symbole du lien \u00e9ternel avec le disparu. Les urnes M\u00e9minis ont toutes des syst\u00e8mes de fermeture qui accueillent des m\u00e9daillons aux diff\u00e9rents graphismes. Port\u00e9s au bout d\u2019une cha\u00eenette, ils sont le lien de m\u00e9moire physique avec la personne disparue. Ils peuvent par ailleurs rester incrust\u00e9s au sein du dispositif. \u00c9l\u00e9ment du rituel, la cl\u00e9 peut \u00eatre remise \u00e0 la famille \u00e0 l\u2019issue de la c\u00e9r\u00e9monie. Symboliquement, les proches sont d\u00e9sormais les gardiens de la m\u00e9moire.<\/p>\n<\/div><\/section><\/p>\n<\/div><\/div><div class=\"flex_cell no_margin av_one_half  avia-builder-el-7  el_after_av_cell_one_half  avia-builder-el-last   avia-full-stretch \"  style='height:600px; min-height:600px;background:url(https:\/\/meminis.com\/wp-content\/uploads\/2020\/09\/IMG_6042-2.jpg) center center no-repeat scroll; vertical-align:top; padding:50px; ' ><div class='flex_cell_inner' ><\/div><\/div>\n<\/div>\n<div id='av-layout-grid-2'  class='av-layout-grid-container entry-content-wrapper main_color av-flex-cells     avia-builder-el-8  el_after_av_layout_row  el_before_av_layout_row  submenu-not-first container_wrap sidebar_right' style=' '  >\n<div class=\"flex_cell no_margin av_one_half  avia-builder-el-9  el_before_av_cell_one_half  avia-builder-el-first   avia-full-stretch \"  style='height:600px; min-height:600px;background:url(https:\/\/meminis.com\/wp-content\/uploads\/2020\/09\/Meminis_07_FEL6492-495x400.jpg) center left no-repeat scroll; vertical-align:middle; padding:50px; ' ><div class='flex_cell_inner' ><\/div><\/div><div class=\"flex_cell no_margin av_one_half  avia-builder-el-10  el_after_av_cell_one_half  avia-builder-el-last   \"  style='height:600px; min-height:600px;vertical-align:middle; padding:150px; ' ><div class='flex_cell_inner' ><p><div  style='padding-bottom:10px; font-size:30px;' class='av-special-heading av-special-heading-h3  blockquote modern-quote  avia-builder-el-11  el_before_av_hr  avia-builder-el-first  av-inherit-size '><h3 class='av-special-heading-tag '  itemprop=\"headline\"  >Gamme en Corian<\/h3><div class='special-heading-border'><div class='special-heading-inner-border' ><\/div><\/div><\/div><br \/>\n<div  style=' margin-top:30px; margin-bottom:30px;'  class='hr hr-custom hr-left hr-icon-no   avia-builder-el-12  el_after_av_heading  el_before_av_textblock '><span class='hr-inner  inner-border-av-border-fat' style=' width:50px;' ><span class='hr-inner-style'><\/span><\/span><\/div><br \/>\n<section class=\"av_textblock_section \"  itemscope=\"itemscope\" itemtype=\"https:\/\/schema.org\/CreativeWork\" ><div class='avia_textblock  '   itemprop=\"text\" ><p>Confectionn\u00e9es \u00e0 la main en Corian, les urnes M\u00e9minis associent la duret\u00e9 et la r\u00e9sistance de la pierre naturelle \u00e0 la beaut\u00e9 et la douceur de la c\u00e9ramique. Leur design \u00e9pur\u00e9, l\u2019excellence de la fabrication et la noblesse des mat\u00e9riaux utilis\u00e9s en font des objets d\u2019exception. Invent\u00e9 en 1967, le Corian a une surface solide qui offre de grandes possibilit\u00e9s de design et un excellent rendement durant de longues ann\u00e9es.<\/p>\n<\/div><\/section><\/p>\n<\/div><\/div><\/div><div id='av-layout-grid-3'  class='av-layout-grid-container entry-content-wrapper main_color av-flex-cells     avia-builder-el-14  el_after_av_layout_row  el_before_av_layout_row  submenu-not-first container_wrap sidebar_right' style=' '  >\n<div class=\"flex_cell no_margin av_one_half  avia-builder-el-15  el_before_av_cell_one_half  avia-builder-el-first   \"  style='height:600px; min-height:600px;vertical-align:middle; padding:150px; background-color:#6786a1; ' ><div class='flex_cell_inner' ><p><div  style='padding-bottom:10px; color:#ffffff;font-size:30px;' class='av-special-heading av-special-heading-h3 custom-color-heading blockquote modern-quote  avia-builder-el-16  el_before_av_hr  avia-builder-el-first  av-inherit-size '><h3 class='av-special-heading-tag '  itemprop=\"headline\"  >Gamme en Porcelaine de Limoges<\/h3><div class='special-heading-border'><div class='special-heading-inner-border' style='border-color:#ffffff'><\/div><\/div><\/div><br \/>\n<div  style=' margin-top:30px; margin-bottom:30px;'  class='hr hr-custom hr-left hr-icon-no   avia-builder-el-17  el_after_av_heading  el_before_av_textblock '><span class='hr-inner  inner-border-av-border-fat' style=' width:50px; border-color:#ffffff;' ><span class='hr-inner-style'><\/span><\/span><\/div><br \/>\n<section class=\"av_textblock_section \"  itemscope=\"itemscope\" itemtype=\"https:\/\/schema.org\/CreativeWork\" ><div class='avia_textblock  av_inherit_color '  style='color:#ffffff; '  itemprop=\"text\" ><p>Con\u00e7ues de fa\u00e7on artisanale dans nos ateliers de Limoges, nos urnes en porcelaine sont esth\u00e9tiques et fonctionnelles. La porcelaine, mat\u00e9riau n\u2019offrant aucune porosit\u00e9, poss\u00e8de des qualit\u00e9s incomparables de durabilit\u00e9 et de duret\u00e9 car ni le temps, l\u2019air ou l\u2019eau n\u2019alt\u00e8rent la mati\u00e8re.<\/p>\n<p>La porcelaine fait partie de la famille des c\u00e9ramiques, mais cet \u00ab or blanc \u00bb constitu\u00e9 de kaolin, feldspath et quartz est le seul \u00e0 supporter une cuisson \u00e0 1400\u00b0C ce qui lui conf\u00e8re des qualit\u00e9s in\u00e9gal\u00e9es.<\/p>\n<p>Sa blancheur initiale permet de nombreux styles et designs tr\u00e8s diff\u00e9rents, et les urnes Meminis \u00a0sont con\u00e7ues pour pouvoir se combiner harmonieusement dans le lieu o\u00f9 elles reposeront.<\/p>\n<\/div><\/section><\/p>\n<\/div><\/div><div class=\"flex_cell no_margin av_one_half  avia-builder-el-19  el_after_av_cell_one_half  avia-builder-el-last   avia-full-stretch \"  style='height:600px; min-height:600px;background:url(https:\/\/meminis.com\/wp-content\/uploads\/2020\/09\/IMG_6196.jpg) center center no-repeat scroll; vertical-align:top; padding:50px; ' ><div class='flex_cell_inner' ><\/div><\/div>\n<\/div><\/p>\n<div id='av-layout-grid-4'  class='av-layout-grid-container entry-content-wrapper main_color av-flex-cells     avia-builder-el-20  el_after_av_layout_row  el_before_av_layout_row  submenu-not-first container_wrap sidebar_right' style=' '  >\n<div class=\"flex_cell no_margin av_one_half  avia-builder-el-21  el_before_av_cell_one_half  avia-builder-el-first   avia-full-stretch \"  style='height:600px; min-height:600px;background:url(https:\/\/meminis.com\/wp-content\/uploads\/2020\/09\/Meminis_06_FEL6481-1-e1600442119891-495x284.jpg) center left no-repeat scroll; vertical-align:middle; padding:50px; ' ><div class='flex_cell_inner' ><\/div><\/div><div class=\"flex_cell no_margin av_one_half  avia-builder-el-22  el_after_av_cell_one_half  avia-builder-el-last   \"  style='height:600px; min-height:600px;vertical-align:middle; padding:150px; ' ><div class='flex_cell_inner' ><p><div  style='padding-bottom:10px; font-size:30px;' class='av-special-heading av-special-heading-h3  blockquote modern-quote  avia-builder-el-23  el_before_av_hr  avia-builder-el-first  av-inherit-size '><h3 class='av-special-heading-tag '  itemprop=\"headline\"  >Gamme d\u2019urnes fun\u00e9raires en verre souffl\u00e9<\/h3><div class='special-heading-border'><div class='special-heading-inner-border' ><\/div><\/div><\/div><br \/>\n<div  style=' margin-top:30px; margin-bottom:30px;'  class='hr hr-custom hr-left hr-icon-no   avia-builder-el-24  el_after_av_heading  el_before_av_textblock '><span class='hr-inner  inner-border-av-border-fat' style=' width:50px;' ><span class='hr-inner-style'><\/span><\/span><\/div><br \/>\n<section class=\"av_textblock_section \"  itemscope=\"itemscope\" itemtype=\"https:\/\/schema.org\/CreativeWork\" ><div class='avia_textblock  '   itemprop=\"text\" ><p>Avec sa gamme d\u2019urnes fun\u00e9raires de verre souffl\u00e9 \u00e0 la bouche, M\u00e9minis propose des produits exclusifs qui sont aussi esth\u00e9tiques que\u00a0 fonctionnels.\u00a0 En plus d\u2019apporter une touche somptueuse par ses formes, ses motifs et ses couleurs lumineuses, les urnes fun\u00e9raires de la gamme en verre souffl\u00e9 sont des produits faisant preuve d\u2019une grande \u00a0distinction, \u00a0\u00e0 l\u2019\u00e9preuve du temps.<\/p>\n<\/div><\/section><\/p>\n<\/div><\/div>\n<\/div>\n<div id='av-layout-grid-5'  class='av-layout-grid-container entry-content-wrapper main_color av-flex-cells     avia-builder-el-26  el_after_av_layout_row  avia-builder-el-last  submenu-not-first container_wrap sidebar_right' style=' '  >\n<div class=\"flex_cell no_margin av_one_half  avia-builder-el-27  el_before_av_cell_one_half  avia-builder-el-first   \"  style='height:600px; min-height:600px;vertical-align:middle; padding:150px; background-color:#6786a1; ' ><div class='flex_cell_inner' ><p><div  style='padding-bottom:10px; color:#ffffff;font-size:30px;' class='av-special-heading av-special-heading-h3 custom-color-heading blockquote modern-quote  avia-builder-el-28  el_before_av_hr  avia-builder-el-first  av-inherit-size '><h3 class='av-special-heading-tag '  itemprop=\"headline\"  >Urnes pour animaux en porcelaine de Limoges Argos<\/h3><div class='special-heading-border'><div class='special-heading-inner-border' style='border-color:#ffffff'><\/div><\/div><\/div><br \/>\n<div  style=' margin-top:30px; margin-bottom:30px;'  class='hr hr-custom hr-left hr-icon-no   avia-builder-el-29  el_after_av_heading  el_before_av_textblock '><span class='hr-inner  inner-border-av-border-fat' style=' width:50px; border-color:#ffffff;' ><span class='hr-inner-style'><\/span><\/span><\/div><br \/>\n<section class=\"av_textblock_section \"  itemscope=\"itemscope\" itemtype=\"https:\/\/schema.org\/CreativeWork\" ><div class='avia_textblock  av_inherit_color '  style='color:#ffffff; '  itemprop=\"text\" ><p>Les urnes Argos en porcelaine de Limoges se composent d\u2019un contenant, d\u2019un fermoir et d\u2019un m\u00e9daillon. Ces trois \u00e9l\u00e9ments peuvent se combiner librement, le m\u00e9daillon peut se d\u00e9poser sur la loge du fermoir pr\u00e9vu \u00e0 cet effet ou se porter en pendentif. Il peut \u00eatre grav\u00e9 ou photograv\u00e9 selon la version choisie.<\/p>\n<\/div><\/section><\/p>\n<\/div><\/div><div class=\"flex_cell no_margin av_one_half  avia-builder-el-31  el_after_av_cell_one_half  avia-builder-el-last   avia-full-stretch \"  style='height:600px; min-height:600px;background:url(https:\/\/meminis.com\/wp-content\/uploads\/2020\/09\/2-Photo-d\u00e9tail-int\u00e9rieur.jpg) center center no-repeat scroll; vertical-align:top; padding:50px; ' ><div class='flex_cell_inner' ><\/div><\/div>\n<\/div>\n","protected":false},"excerpt":{"rendered":"","protected":false},"author":1,"featured_media":0,"parent":0,"menu_order":0,"comment_status":"closed","ping_status":"closed","template":"","meta":[],"yoast_head":"<!-- This site is optimized with the Yoast SEO plugin v15.6.2 - https:\/\/yoast.com\/wordpress\/plugins\/seo\/ -->\n<title>Le savoir faire de M\u00e9minis - Meminis<\/title>\n<meta name=\"robots\" content=\"index, follow, max-snippet:-1, max-image-preview:large, max-video-preview:-1\" \/>\n<link rel=\"canonical\" href=\"\/\" \/>\n<meta property=\"og:locale\" content=\"fr_FR\" \/>\n<meta property=\"og:type\" content=\"article\" \/>\n<meta property=\"og:title\" content=\"Le savoir faire de M\u00e9minis - Meminis\" \/>\n<meta property=\"og:site_name\" content=\"Meminis\" \/>\n<meta property=\"article:modified_time\" content=\"2020-10-05T17:22:26+00:00\" \/>\n<meta name=\"twitter:card\" content=\"summary_large_image\" \/>\n<meta name=\"twitter:label1\" content=\"Dur\u00e9e de lecture est.\">\n\t<meta name=\"twitter:data1\" content=\"11 minutes\">\n<script type=\"application\/ld+json\" class=\"yoast-schema-graph\">{\"@context\":\"https:\/\/schema.org\",\"@graph\":[{\"@type\":\"WebSite\",\"@id\":\"https:\/\/meminis.com\/#website\",\"url\":\"https:\/\/meminis.com\/\",\"name\":\"Meminis\",\"description\":\"Urnes fun\\u00e9raires\",\"potentialAction\":[{\"@type\":\"SearchAction\",\"target\":\"https:\/\/meminis.com\/?s={search_term_string}\",\"query-input\":\"required name=search_term_string\"}],\"inLanguage\":\"fr-FR\"},{\"@type\":\"WebPage\",\"@id\":\"#webpage\",\"url\":null,\"name\":\"Le savoir faire de M\\u00e9minis - Meminis\",\"isPartOf\":{\"@id\":\"https:\/\/meminis.com\/#website\"},\"datePublished\":\"2020-08-31T19:46:57+00:00\",\"dateModified\":\"2020-10-05T17:22:26+00:00\",\"inLanguage\":\"fr-FR\",\"potentialAction\":[{\"@type\":\"ReadAction\",\"target\":[null]}]}]}<\/script>\n<!-- \/ Yoast SEO plugin. -->","_links":{"self":[{"href":"https:\/\/meminis.com\/fr\/wp-json\/wp\/v2\/pages\/1835"}],"collection":[{"href":"https:\/\/meminis.com\/fr\/wp-json\/wp\/v2\/pages"}],"about":[{"href":"https:\/\/meminis.com\/fr\/wp-json\/wp\/v2\/types\/page"}],"author":[{"embeddable":true,"href":"https:\/\/meminis.com\/fr\/wp-json\/wp\/v2\/users\/1"}],"replies":[{"embeddable":true,"href":"https:\/\/meminis.com\/fr\/wp-json\/wp\/v2\/comments?post=1835"}],"version-history":[{"count":9,"href":"https:\/\/meminis.com\/fr\/wp-json\/wp\/v2\/pages\/1835\/revisions"}],"predecessor-version":[{"id":3957,"href":"https:\/\/meminis.com\/fr\/wp-json\/wp\/v2\/pages\/1835\/revisions\/3957"}],"wp:attachment":[{"href":"https:\/\/meminis.com\/fr\/wp-json\/wp\/v2\/media?parent=1835"}],"curies":[{"name":"wp","href":"https:\/\/api.w.org\/{rel}","templated":true}]}}