{"id":1833,"date":"2020-09-01T16:17:39","date_gmt":"2020-09-01T16:17:39","guid":{"rendered":"https:\/\/meminis.com\/mentions-legales\/"},"modified":"2020-10-08T16:02:02","modified_gmt":"2020-10-08T16:02:02","slug":"mentions-legales","status":"publish","type":"page","link":"https:\/\/meminis.com\/fr\/mentions-legales\/","title":{"rendered":"Mentions l\u00e9gales"},"content":{"rendered":"<div id='av_section_1'  class='avia-section main_color avia-section-small avia-no-border-styling  av-section-color-overlay-active avia-bg-style-parallax  avia-builder-el-0  el_before_av_textblock  avia-builder-el-first   av-minimum-height av-minimum-height-custom  container_wrap sidebar_right' style=' '  ><div class='av-section-color-overlay-wrap'><div class='av-section-color-overlay' style='opacity: 0.7; background-color: #6786a1; '><\/div><div class='container' style='height:120px'><main  role=\"main\" itemprop=\"mainContentOfPage\"  class='template-page content  av-content-small alpha units'><div class='post-entry post-entry-type-page post-entry-1833'><div class='entry-content-wrapper clearfix'>\n<div  style='padding-bottom:10px; color:#ffffff;font-size:30px;' class='av-special-heading av-special-heading-h1 custom-color-heading blockquote modern-quote modern-centered  avia-builder-el-1  avia-builder-el-no-sibling  av-inherit-size '><h1 class='av-special-heading-tag '  itemprop=\"headline\"  >Mentions l\u00e9gales<\/h1><div class='special-heading-border'><div class='special-heading-inner-border' style='border-color:#ffffff'><\/div><\/div><\/div>\n<\/div><\/div><\/main><!-- close content main element --><\/div><\/div><\/div><div id='after_section_1'  class='main_color av_default_container_wrap container_wrap sidebar_right' style=' '  ><div class='container' ><div class='template-page content  av-content-small alpha units'><div class='post-entry post-entry-type-page post-entry-1833'><div class='entry-content-wrapper clearfix'>\n<section class=\"av_textblock_section \"  itemscope=\"itemscope\" itemtype=\"https:\/\/schema.org\/CreativeWork\" ><div class='avia_textblock  '   itemprop=\"text\" ><p>MEMINIS<br \/>\nSARL au capital de 30 000 euros<br \/>\n752210526 RCS LYON<br \/>\n38 cours Aristide Briand<br \/>\n69300 Caluire, France<br \/>\nserviceclient@meminis.com<\/p>\n<p>Responsable de la r\u00e9daction : Vilvan Rochas<\/p>\n<p>H\u00e9bergement : www.ovh.com<\/p>\n<p>Propri\u00e9t\u00e9 intellectuelle :<br \/>\n\u00ab La structure g\u00e9n\u00e9rale, les textes, images anim\u00e9es ou non, les savoir-faire, les programmes et logiciels ainsi que tout autre \u00e9l\u00e9ment composant ce site sont la propri\u00e9t\u00e9 exclusive de MEMINIS et sont prot\u00e9g\u00e9s par le droit d\u2019auteur. Toute repr\u00e9sentation totale ou partielle de ce site, par quelque proc\u00e9d\u00e9 que ce soit, sans l\u2019autorisation expresse de MEMINIS est donc interdite et constituerait une contre-fa\u00e7on.<br \/>\nMEMINIS et les logos associ\u00e9s sont des marques d\u00e9pos\u00e9es dont la reproduction est prohib\u00e9e sans autorisation pr\u00e9alable.<\/p>\n<\/div><\/section>\n","protected":false},"excerpt":{"rendered":"","protected":false},"author":1,"featured_media":0,"parent":0,"menu_order":0,"comment_status":"closed","ping_status":"closed","template":"","meta":[],"yoast_head":"<!-- This site is optimized with the Yoast SEO plugin v15.6.2 - https:\/\/yoast.com\/wordpress\/plugins\/seo\/ -->\n<title>Mentions l\u00e9gales - Meminis<\/title>\n<meta name=\"robots\" content=\"index, follow, max-snippet:-1, max-image-preview:large, max-video-preview:-1\" \/>\n<link rel=\"canonical\" href=\"\/\" \/>\n<meta property=\"og:locale\" content=\"fr_FR\" \/>\n<meta property=\"og:type\" content=\"article\" \/>\n<meta property=\"og:title\" content=\"Mentions l\u00e9gales - Meminis\" \/>\n<meta property=\"og:site_name\" content=\"Meminis\" \/>\n<meta property=\"article:modified_time\" content=\"2020-10-08T16:02:02+00:00\" \/>\n<meta name=\"twitter:card\" content=\"summary_large_image\" \/>\n<meta name=\"twitter:label1\" content=\"Dur\u00e9e de lecture est.\">\n\t<meta name=\"twitter:data1\" content=\"2 minutes\">\n<script type=\"application\/ld+json\" class=\"yoast-schema-graph\">{\"@context\":\"https:\/\/schema.org\",\"@graph\":[{\"@type\":\"WebSite\",\"@id\":\"https:\/\/meminis.com\/#website\",\"url\":\"https:\/\/meminis.com\/\",\"name\":\"Meminis\",\"description\":\"Urnes fun\\u00e9raires\",\"potentialAction\":[{\"@type\":\"SearchAction\",\"target\":\"https:\/\/meminis.com\/?s={search_term_string}\",\"query-input\":\"required name=search_term_string\"}],\"inLanguage\":\"fr-FR\"},{\"@type\":\"WebPage\",\"@id\":\"#webpage\",\"url\":null,\"name\":\"Mentions l\\u00e9gales - Meminis\",\"isPartOf\":{\"@id\":\"https:\/\/meminis.com\/#website\"},\"datePublished\":\"2020-09-01T16:17:39+00:00\",\"dateModified\":\"2020-10-08T16:02:02+00:00\",\"inLanguage\":\"fr-FR\",\"potentialAction\":[{\"@type\":\"ReadAction\",\"target\":[null]}]}]}<\/script>\n<!-- \/ Yoast SEO plugin. -->","_links":{"self":[{"href":"https:\/\/meminis.com\/fr\/wp-json\/wp\/v2\/pages\/1833"}],"collection":[{"href":"https:\/\/meminis.com\/fr\/wp-json\/wp\/v2\/pages"}],"about":[{"href":"https:\/\/meminis.com\/fr\/wp-json\/wp\/v2\/types\/page"}],"author":[{"embeddable":true,"href":"https:\/\/meminis.com\/fr\/wp-json\/wp\/v2\/users\/1"}],"replies":[{"embeddable":true,"href":"https:\/\/meminis.com\/fr\/wp-json\/wp\/v2\/comments?post=1833"}],"version-history":[{"count":5,"href":"https:\/\/meminis.com\/fr\/wp-json\/wp\/v2\/pages\/1833\/revisions"}],"predecessor-version":[{"id":3846,"href":"https:\/\/meminis.com\/fr\/wp-json\/wp\/v2\/pages\/1833\/revisions\/3846"}],"wp:attachment":[{"href":"https:\/\/meminis.com\/fr\/wp-json\/wp\/v2\/media?parent=1833"}],"curies":[{"name":"wp","href":"https:\/\/api.w.org\/{rel}","templated":true}]}}